{"id":10426,"date":"2025-10-28T07:52:14","date_gmt":"2025-10-28T07:52:14","guid":{"rendered":"https:\/\/www.greenleafvietnam.com\/?page_id=10426"},"modified":"2025-10-28T07:52:14","modified_gmt":"2025-10-28T07:52:14","slug":"car-rental-near-me","status":"publish","type":"page","link":"https:\/\/greenleafvietnamcomvn768.chiliweb.org\/en\/car-rental-near-me","title":{"rendered":"Car Rental Near Me"},"content":{"rendered":"<p>Viet Nam Car Rental from 4 to 45 seats, VIP Car, Limousine, Carnival, Camry, Luxury Mercedes. Vios, Mazda, Honda Civic, Inova, Fortuner\u2026<br \/>\nPlease contact us. We are always ready to serve you 24 hours and 7 days a week. Green Leaf Vietnam Car Rental Company has more than 10 years of experience.<\/p>\n<div class=\"uabb-infobox-title-wrap\">\n<h3 class=\"uabb-infobox-title\">C\u00d4NG TY V\u1eacN T\u1ea2I GREEN LEAF VI\u1ec6T NAM<\/h3>\n<\/div>\n<div class=\"uabb-infobox-text-wrap\">\n<div class=\"uabb-infobox-text uabb-text-editor\">\n<p><strong><i class=\"fa fa-map-marker\"><\/i>\u00a0<\/strong><strong>\u00a0Tr\u1ee5 s\u1edf ch\u00ednh:<\/strong>\u00a0104 &#8211; 106 Tr\u1ea7n L\u1ef1u, Ph\u01b0\u1eddng An Ph\u00fa, TP. Th\u1ee7 \u0110\u1ee9c, TP. H\u1ed3 Ch\u00ed Minh.<\/p>\n<p><strong><i class=\"fa fa-map-marker\"><\/i>\u00a0\u00a0<\/strong><strong>\u00a0VPGD Mi\u1ec1n B\u1eafc:<\/strong>\u00a0Ph\u00f2ng 1452G, T\u1ea7ng 14, T\u00f2a nh\u00e0 Hapro, S\u1ed1 11B C\u00e1t Linh, Ph\u01b0\u1eddng Qu\u1ed1c T\u1eed Gi\u00e1m, Qu\u1eadn \u0110\u1ed1ng \u0110a, Th\u00e0nh ph\u1ed1 H\u00e0 N\u1ed9i.<\/p>\n<p><strong><i class=\"fa fa-map-marker\"><\/i>\u00a0\u00a0<\/strong><strong>\u00a0VPGD Mi\u1ec1n Trung:<\/strong>\u00a0L\u00f4 18 &amp; 19 Khu BB2 &#8211; Khu \u0110\u00f4 Th\u1ecb Xanh Kim C\u00fac, P.Gh\u1ec1nh R\u00e1ng, TP Quy Nh\u01a1n.<\/p>\n<p><i class=\"fa fa-phone\"><\/i>\u00a0<a href=\"tel:1800 6300\" target=\"_blank\" rel=\"noopener\">1800 6300<\/a><\/p>\n<p><i class=\"fa fa-envelope\"><\/i>\u00a0<a href=\"mailto:cskh@greenleaf.vn\" target=\"_blank\" rel=\"noopener\">cskh@green-leaf.vn<\/a><\/p>\n<\/div>\n<\/div>\n","protected":false},"excerpt":{"rendered":"<p>Viet Nam Car Rental from 4 to 45 seats, VIP Car, Limousine, Carnival, Camry, Luxury Mercedes. Vios, Mazda, Honda Civic, Inova, Fortuner\u2026 Please contact us. We are always ready to serve you 24 hours and 7 days a week. Green Leaf Vietnam Car Rental Company has more than 10 years of experience. C\u00d4NG TY V\u1eacN&hellip;<\/p>\n","protected":false},"author":6,"featured_media":0,"parent":0,"menu_order":0,"comment_status":"closed","ping_status":"closed","template":"","meta":{"inline_featured_image":false},"_links":{"self":[{"href":"https:\/\/greenleafvietnamcomvn768.chiliweb.org\/en\/wp-json\/wp\/v2\/pages\/10426"}],"collection":[{"href":"https:\/\/greenleafvietnamcomvn768.chiliweb.org\/en\/wp-json\/wp\/v2\/pages"}],"about":[{"href":"https:\/\/greenleafvietnamcomvn768.chiliweb.org\/en\/wp-json\/wp\/v2\/types\/page"}],"author":[{"embeddable":true,"href":"https:\/\/greenleafvietnamcomvn768.chiliweb.org\/en\/wp-json\/wp\/v2\/users\/6"}],"replies":[{"embeddable":true,"href":"https:\/\/greenleafvietnamcomvn768.chiliweb.org\/en\/wp-json\/wp\/v2\/comments?post=10426"}],"version-history":[{"count":0,"href":"https:\/\/greenleafvietnamcomvn768.chiliweb.org\/en\/wp-json\/wp\/v2\/pages\/10426\/revisions"}],"wp:attachment":[{"href":"https:\/\/greenleafvietnamcomvn768.chiliweb.org\/en\/wp-json\/wp\/v2\/media?parent=10426"}],"curies":[{"name":"wp","href":"https:\/\/api.w.org\/{rel}","templated":true}]}}