{"id":2817,"date":"2022-10-27T17:08:08","date_gmt":"2022-10-27T17:08:08","guid":{"rendered":"https:\/\/greenleafvietnam.com\/chinh-sach-tuyen-dung"},"modified":"2023-02-06T04:39:43","modified_gmt":"2023-02-06T04:39:43","slug":"chinh-sach-tuyen-dung","status":"publish","type":"page","link":"https:\/\/greenleafvietnamcomvn768.chiliweb.org\/en\/chinh-sach-tuyen-dung","title":{"rendered":"Ch\u00ednh s\u00e1ch tuy\u1ec3n d\u1ee5ng"},"content":{"rendered":"<h2>\n\t\tCH\u00cdNH S\u00c1CH TUY\u1ec2N D\u1ee4NG<br \/>\n\t<\/h2>\n<h2>\n\t\tCh\u00e0o m\u1eebng nh\u1eefng \u1ee9ng vi\u00ean \u01b0u t\u00fa gia nh\u1eadp \u0111\u1ed9i ng\u0169 c\u1ee7a Green Leaf Vi\u1ec7t Nam<br \/>\n\t<\/h2>\n<p style=\"text-align: justify;\">V\u1edbi c\u00e1c gi\u00e1 tr\u1ecb c\u1ed1t l\u00f5i: Minh B\u1ea1ch, Chuy\u00ean Nghi\u1ec7p, Hi\u1ec7u Qu\u1ea3, Th\u00e2n Thi\u1ec7n, An To\u00e0n, ch\u00fang t\u00f4i tin t\u01b0\u1edfng r\u1eb1ng ch\u00eca kh\u00f3a cho s\u1ef1 th\u00e0nh c\u00f4ng c\u1ee7a GLV ch\u00ednh l\u00e0 kh\u1ea3 n\u0103ng thu h\u00fat, ph\u00e1t tri\u1ec3n v\u00e0 gi\u1eef ch\u00e2n nh\u00e2n vi\u00ean t\u00e0i gi\u1ecfi v\u1edbi nhi\u1ec1u c\u01a1 h\u1ed9i th\u0103ng ti\u1ebfn ngh\u1ec1 nghi\u1ec7p \u0111a d\u1ea1ng.<\/p>\n<p style=\"text-align: justify;\">M\u1ed9t trong s\u1ed1 nh\u1eefng m\u1ee5c ti\u00eau h\u00e0ng \u0111\u1ea7u c\u1ee7a ch\u00fang t\u00f4i l\u00e0 tr\u1edf th\u00e0nh \u201c\u0110\u01a1n v\u1ecb tuy\u1ec3n d\u1ee5ng xu\u1ea5t s\u1eafc\u201d cho nh\u1eefng ai mong mu\u1ed1n \u0111\u01b0\u1ee3c ph\u00e1t tri\u1ec3n m\u1ed9t s\u1ef1 nghi\u1ec7p \u1ed5n \u0111\u1ecbnh l\u00e2u d\u00e0i.\n<\/p>\n<p>\t\t\t\t<img decoding=\"async\" loading=\"lazy\" src=\"https:\/\/greenleafvietnam.com\/wp-content\/uploads\/2022\/08\/Group.png\" alt=\"Group\" itemprop=\"image\" height=\"496\" width=\"550\"  \/><\/p>\n<h2>\n\t\tCH\u00cdNH S\u00c1CH NH\u00c2N S\u1ef0<br \/>\n\t<\/h2>\n<p style=\"text-align: center;\">Green Leaf Vi\u1ec7t Nam lu\u00f4n xem \u0111\u1ed9i ng\u0169 c\u00e1n b\u1ed9 nh\u00e2n vi\u00ean l\u00e0 nh\u00e2n t\u1ed1 ch\u1ee7 y\u1ebfu quy\u1ebft \u0111\u1ecbnh s\u1ef1 th\u00e0nh c\u00f4ng c\u1ee7a c\u00f4ng ty.<\/p>\n<p style=\"text-align: center;\">Ch\u00ednh v\u00ec v\u1eady, Green Leaf Vi\u1ec7t Nam ch\u00fa tr\u1ecdng ch\u0103m lo \u0111\u1eddi s\u1ed1ng v\u1eadt ch\u1ea5t v\u00e0 tinh th\u1ea7n cho c\u00e1n b\u1ed9 nh\u00e2n vi\u00ean th\u00f4ng qua vi\u1ec7c duy tr\u00ec m\u1ed9t ch\u00ednh s\u00e1ch l\u01b0\u01a1ng, th\u01b0\u1edfng c\u1ea1nh tranh, c\u00f9ng v\u1edbi c\u00e1c c\u01a1 h\u1ed9i th\u0103ng ti\u1ebfn trong ngh\u1ec1 nghi\u1ec7p.\u00a0B\u00ean c\u1ea1nh ch\u00ednh s\u00e1ch \u0111\u00e3i ng\u1ed9 v\u1ec1 t\u00e0i ch\u00ednh, ch\u00fang t\u00f4i c\u00f2n c\u00f3 c\u00e1c g\u00f3i ph\u00fac l\u1ee3i v\u00e0 \u0111\u00e3i ng\u1ed9 phi t\u00e0i ch\u00ednh hi\u1ec7u qu\u1ea3, \u0111\u1ea3m b\u1ea3o cho c\u00e1n b\u1ed9 nh\u00e2n vi\u00ean s\u1ee9c kh\u1ecfe, h\u1ea1nh ph\u00fac v\u00e0 m\u1ed9t t\u01b0\u01a1ng lai \u1ed5n \u0111\u1ecbnh l\u00e2u d\u00e0i.<\/p>\n<p>\t\t\t\t<img decoding=\"async\" loading=\"lazy\" src=\"https:\/\/greenleafvietnam.com\/wp-content\/uploads\/2022\/08\/Rectangle-311.jpg\" alt=\"Rectangle 311\" itemprop=\"image\" height=\"650\" width=\"650\"  \/><\/p>\n<h2>\n\t\tL\u01af\u01a0NG TH\u01af\u1edeNG H\u1ea4P D\u1eaaN<br \/>\n\t<\/h2>\n<ul>\n<li style=\"text-align: justify;\"><strong>L\u01b0\u01a1ng:<\/strong> Ti\u1ec1n l\u01b0\u01a1ng t\u1ea1i Green Leaf Vi\u1ec7t Nam \u0111\u01b0\u1ee3c tr\u1ea3 ph\u00f9 h\u1ee3p v\u1edbi tr\u00ecnh \u0111\u1ed9, kinh nghi\u1ec7m, n\u0103ng l\u1ef1c, hi\u1ec7u su\u1ea5t, ch\u1ea5t l\u01b0\u1ee3ng c\u00f4ng vi\u1ec7c c\u1ee7a m\u1ed7i c\u00e1n b\u1ed9 nh\u00e2n vi\u00ean v\u00e0 t\u00e0i x\u1ebf.<\/li>\n<li style=\"text-align: justify;\"><strong>Thu\u1edfng:<\/strong> Th\u01b0\u1edfng T\u1ebft D\u01b0\u01a1ng l\u1ecbch, sinh nh\u1eadt CBNV.<br \/>\nTh\u01b0\u1edfng th\u00e0nh t\u00edch c\u00f4ng vi\u1ec7c h\u00e0ng n\u0103m: \u0110\u00e1nh gi\u00e1 hi\u1ec7u qu\u1ea3 l\u00e0m vi\u1ec7c c\u1ee7a CBNV v\u00e0 th\u01b0\u1edfng KPI theo th\u00e1ng, cho c\u00e1n b\u1ed9 nh\u00e2n vi\u00ean v\u00e0 t\u00e0i x\u1ebf.<\/li>\n<\/ul>\n<h2>\n\t\tPH\u1ee4 C\u1ea4P<br \/>\n\t<\/h2>\n<ul>\n<li style=\"text-align: justify;\">Ph\u1ee5 c\u1ea5p \u0111\u1ed3ng ph\u1ee5c cho T\u00e0i x\u1ebf.<\/li>\n<li style=\"text-align: justify;\">Ph\u1ee5 c\u1ea5p c\u00f4ng t\u00e1c.<\/li>\n<li style=\"text-align: justify;\">Ph\u1ee5 c\u1ea5p c\u01a1m tr\u01b0a.<\/li>\n<li style=\"text-align: justify;\">Ph\u1ee5 c\u1ea5p \u0111i l\u1ea1i.<\/li>\n<li style=\"text-align: justify;\">Ph\u1ee5 c\u1ea5p \u0111i\u1ec7n tho\u1ea1i.<\/li>\n<li style=\"text-align: justify;\">Chi th\u0103m h\u1ecfi, hi\u1ebfu h\u1ec9, ma chay.<\/li>\n<li style=\"text-align: justify;\">Ph\u1ee5 c\u1ea5p th\u00e2m ni\u00ean.<\/li>\n<\/ul>\n<h2>\n\t\t\u0110\u00c3I NG\u1ed8 PHI T\u00c0I CH\u00cdNH<br \/>\n\t<\/h2>\n<ul>\n<li style=\"text-align: left;\">Kh\u00e1m s\u1ee9c kh\u1ecfe \u0111\u1ecbnh k\u1ef3 h\u00e0ng n\u0103m<\/li>\n<li style=\"text-align: left;\">Ngh\u1ec9 m\u00e1t h\u00e0ng n\u0103m, teambuilding.<\/li>\n<li style=\"text-align: left;\">T\u1ed5 ch\u1ee9c c\u00e1c kh\u00f3a \u0111\u00e0o t\u1ea1o n\u00e2ng cao k\u1ef9 n\u0103ng, nghi\u1ec7p v\u1ee5 cho CBNV<\/li>\n<li style=\"text-align: left;\">T\u1ed5 ch\u1ee9c c\u00e1c bu\u1ed5i ti\u1ec7c t\u00e2n ni\u00ean, t\u1ea5t ni\u00ean.<\/li>\n<li style=\"text-align: left;\">T\u1ed5 ch\u1ee9c c\u00e1c phong tr\u00e0o v\u0103n ngh\u1ec7, th\u1ec3 d\u1ee5c th\u1ec3 thao, \u0111\u00e1 banh,\u2026<\/li>\n<li style=\"text-align: left;\">T\u1ed5 ch\u1ee9c c\u00e1c l\u1edbp h\u1ecdc ngo\u1ea1i ng\u1eef, n\u00e2ng cao tr\u00ecnh \u0111\u1ed9.<\/li>\n<\/ul>\n<p>\t\t\t\t<img decoding=\"async\" src=\"https:\/\/greenleafvietnam.com\/wp-content\/uploads\/2022\/11\/z3557628793796_691382f63cb32ca587b6d7b2183b227c-2.jpg\" alt=\"ch\u00ednh s\u00e1ch tuy\u1ec3n d\u1ee5ng 1\" itemprop=\"image\"  \/><br \/>\n\t\t\t\t<img decoding=\"async\" loading=\"lazy\" src=\"https:\/\/greenleafvietnam.com\/wp-content\/uploads\/2022\/11\/z2355059422315_98987a74cdb1b3fdf14e3ecd3dc97c2d.jpg\" alt=\"z2355059422315_98987a74cdb1b3fdf14e3ecd3dc97c2d\" itemprop=\"image\" height=\"505\" width=\"650\"  \/><\/p>\n<h2>\n\t\tM\u00d4I TR\u01af\u1edcNG L\u00c0M VI\u1ec6C<br \/>\n\t<\/h2>\n<ul>\n<li style=\"text-align: left;\">\u0110\u01b0\u1ee3c l\u00e0m vi\u1ec7c trong m\u00f4i tr\u01b0\u1eddng chuy\u00ean nghi\u1ec7p.<\/li>\n<li style=\"text-align: left;\">\u0110\u1ed3ng nghi\u1ec7p h\u00f2a \u0111\u1ed3ng, th\u00e2n thi\u1ec7n.<\/li>\n<li style=\"text-align: left;\">C\u01a1 h\u1ed9i \u0111\u01b0\u1ee3c tham gia c\u00e1c kh\u00f3a h\u1ecdc chuy\u00ean m\u00f4n v\u00e0 n\u00e2ng cao.<\/li>\n<li style=\"text-align: left;\">Ti\u1ec7c teambuilding, ti\u1ec7c 8\/3, ti\u1ec7c n\u0103m m\u1edbi, ti\u1ec7c t\u1ea5t ni\u00ean,&#8230;<\/li>\n<\/ul>\n<h2>\n\t\tTH\u00d4NG TIN TUY\u1ec2N D\u1ee4NG<br \/>\n\t<\/h2>\n<p>\t\t\t\t<img decoding=\"async\" src=\"https:\/\/greenleafvietnam.com\/wp-content\/uploads\/2022\/07\/td3.jpg\" alt=\"TUY\u1ec2N NH\u00c2N VI\u00caN L\u00c1I XE 1\" itemprop=\"image\"\/><\/p>\n<h4>Tuy\u1ec3n nh\u00e2n vi\u00ean l\u00e1i xe chuy\u00ean nghi\u1ec7p (TP. HCM)<\/h4>\n<ul>\n<li>B\u1eb1ng l\u00e1i xe: t\u1eeb h\u1ea1ng B2, D \u0111\u1ebfn h\u1ea1ng E<\/li>\n<li>Tu\u1ed5i t\u1eeb 25 ~ 45<\/li>\n<li>Kinh nghi\u1ec7m l\u00e1i xe tr\u00ean 3 n\u0103m v\u00e0 l\u00e1i cho ng\u01b0\u1eddi n\u01b0\u1edbc ngo\u00e0i \u00edt nh\u1ea5t 01 n\u0103m tr\u1edf l\u00ean.<\/li>\n<\/ul>\n<p>\t\t<a href=\"\/thong-tin-tuyen-dung\/tuyen-nhan-vien-lai-xe-chuyen-nghiep-tp-hcm.html\" target=\"_blank\" role=\"button\" rel=\"noopener\"><br \/>\n\t\t\t\t\t\tXem chi ti\u1ebft<br \/>\n\t\t<\/a><br \/>\n\t\t\t\t<img decoding=\"async\" src=\"https:\/\/greenleafvietnam.com\/wp-content\/uploads\/2022\/07\/td2.jpg\" alt=\"tuy\u1ec3n d\u1ee5ng chuy\u00ean vi\u00ean ti\u1ebfng Nh\u1eadt\" itemprop=\"image\"\/><\/p>\n<h4>Chuy\u00ean vi\u00ean ch\u0103m s\u00f3c kh\u00e1ch h\u00e0ng ti\u1ebfng Nh\u1eadt N2, N3<\/h4>\n<ul>\n<li>L\u00e0m vi\u1ec7c tr\u00ean m\u00e1y t\u00ednh t\u1ea1i c\u00e1c Contact Center.<\/li>\n<li>Giao ti\u1ebfp v\u1edbi kh\u00e1ch h\u00e0ng th\u00f4ng qua ph\u01b0\u01a1ng th\u1ee9c ch\u1ee7 y\u1ebfu l\u00e0 Chat &amp; Email.<\/li>\n<\/ul>\n<p>\t\t<a href=\"\/thong-tin-tuyen-dung\/chuyen-vien-cham-soc-khach-hang-tieng-nhat-n2-n3.html\" target=\"_blank\" role=\"button\" rel=\"noopener\"><br \/>\n\t\t\t\t\t\tXem chi ti\u1ebft<br \/>\n\t\t<\/a><br \/>\n\t\t\t\t<img decoding=\"async\" src=\"https:\/\/greenleafvietnam.com\/wp-content\/uploads\/2022\/07\/td1.jpg\" alt=\"td1\" itemprop=\"image\"\/><\/p>\n<h4>Internal Accounting &#038; Tax Officer<\/h4>\n<ul>\n<li>Receive, check the reasonability, accuracy and adequacy of internal payment documents in according to the law and internal regulations<\/li>\n<\/ul>\n<p>\t\t<a href=\"\/thong-tin-tuyen-dung\/internal-accounting-tax-officer.html\" target=\"_blank\" role=\"button\" rel=\"noopener\"><br \/>\n\t\t\t\t\t\tXem chi ti\u1ebft<br \/>\n\t\t<\/a><\/p>\n","protected":false},"excerpt":{"rendered":"<p>CH\u00cdNH S\u00c1CH TUY\u1ec2N D\u1ee4NG Ch\u00e0o m\u1eebng nh\u1eefng \u1ee9ng vi\u00ean \u01b0u t\u00fa gia nh\u1eadp \u0111\u1ed9i ng\u0169 c\u1ee7a Green Leaf Vi\u1ec7t Nam V\u1edbi c\u00e1c gi\u00e1 tr\u1ecb c\u1ed1t l\u00f5i: Minh B\u1ea1ch, Chuy\u00ean Nghi\u1ec7p, Hi\u1ec7u Qu\u1ea3, Th\u00e2n Thi\u1ec7n, An To\u00e0n, ch\u00fang t\u00f4i tin t\u01b0\u1edfng r\u1eb1ng ch\u00eca kh\u00f3a cho s\u1ef1 th\u00e0nh c\u00f4ng c\u1ee7a GLV ch\u00ednh l\u00e0 kh\u1ea3 n\u0103ng thu h\u00fat,&hellip;<\/p>\n","protected":false},"author":1,"featured_media":5993,"parent":0,"menu_order":0,"comment_status":"closed","ping_status":"closed","template":"","meta":{"inline_featured_image":false},"_links":{"self":[{"href":"https:\/\/greenleafvietnamcomvn768.chiliweb.org\/en\/wp-json\/wp\/v2\/pages\/2817"}],"collection":[{"href":"https:\/\/greenleafvietnamcomvn768.chiliweb.org\/en\/wp-json\/wp\/v2\/pages"}],"about":[{"href":"https:\/\/greenleafvietnamcomvn768.chiliweb.org\/en\/wp-json\/wp\/v2\/types\/page"}],"author":[{"embeddable":true,"href":"https:\/\/greenleafvietnamcomvn768.chiliweb.org\/en\/wp-json\/wp\/v2\/users\/1"}],"replies":[{"embeddable":true,"href":"https:\/\/greenleafvietnamcomvn768.chiliweb.org\/en\/wp-json\/wp\/v2\/comments?post=2817"}],"version-history":[{"count":0,"href":"https:\/\/greenleafvietnamcomvn768.chiliweb.org\/en\/wp-json\/wp\/v2\/pages\/2817\/revisions"}],"wp:featuredmedia":[{"embeddable":true,"href":"https:\/\/greenleafvietnamcomvn768.chiliweb.org\/en\/wp-json\/wp\/v2\/media\/5993"}],"wp:attachment":[{"href":"https:\/\/greenleafvietnamcomvn768.chiliweb.org\/en\/wp-json\/wp\/v2\/media?parent=2817"}],"curies":[{"name":"wp","href":"https:\/\/api.w.org\/{rel}","templated":true}]}}