{"id":2861,"date":"2022-07-29T02:37:56","date_gmt":"2022-07-29T02:37:56","guid":{"rendered":"https:\/\/greenleafvietnam.com\/thue-xe-dua-don-san-bay-hoi-nghi-golf"},"modified":"2023-02-13T04:45:57","modified_gmt":"2023-02-13T04:45:57","slug":"airport-shuttle","status":"publish","type":"page","link":"https:\/\/greenleafvietnamcomvn768.chiliweb.org\/en\/airport-shuttle","title":{"rendered":"Airport Shuttle, Conferences, Golf&#8230;"},"content":{"rendered":"<h2>AIRPORT TRANSFER SERVICE, CONFERENCE<\/h2>\n<h2>GREEN LEAF VIET NAM &#8216;S AIRPORT SHUTTLE SERVICE<\/h2>\n<p style=\"text-align: center;\"><strong>Green Leaf Viet Nam&#8217;s<\/strong> airport shuttle service helps customers not spend a lot of time looking for a car, and may miss their flight, or have to pay for an unclear taxi fare at the airport.<\/p>\n<p style=\"text-align: center;\">Please call us, you can be completely assured when you first come to Viet Nam for business, travel or pick up relatives far away.<\/p>\n<p><img decoding=\"async\" src=\"https:\/\/greenleafvietnam.com\/wp-content\/uploads\/2022\/10\/13.jpg\" alt=\"xe \u0111\u01b0a \u0111\u00f3n s\u00e2n bay\" \/><\/p>\n<h2>UPDATE FLIGHT INFORMATION PROACTIVELY<\/h2>\n<p style=\"text-align: justify;\">You only need to provide Green Leaf Viet Nam with the flight code, we will proactively update all necessary information related to the flight (gate number, take-off time, landing time&#8230;), to make sure you&#8217;ll be at the airport on time, saving you time searching for the check-in or check-out gate<\/p>\n<p style=\"text-align: justify;\">In addition, Green Leaf Viet Nam&#8217;s drivers always proactively arrive early to pick up passengers, and update flight information to avoid losing customers or having to wait for a long time, especially on long and tiring flights.<\/p>\n<h2>PROFESSIONAL DRIVERS<\/h2>\n<p style=\"text-align: justify;\">Drivers of Green Leaf Viet Nam always serve flexibly according to the hours requested by customers, including night flights. The driver will help customers carry their luggage quickly and neatly; and take the customer to the required destination safely. In case the customer&#8217;s flight is delayed, the driver will always wait for the customer at the airport until he meets the customer.<\/p>\n<p><img decoding=\"async\" src=\"https:\/\/greenleafvietnam.com\/wp-content\/uploads\/2022\/11\/ht.jpg\" alt=\"ht\" \/><br \/>\n<img decoding=\"async\" loading=\"lazy\" src=\"https:\/\/greenleafvietnam.com\/wp-content\/uploads\/2022\/11\/DSC_9959-scaled-e1675672453222.jpg\" alt=\"COMPLIANCE\" width=\"800\" height=\"419\" \/><\/p>\n<h2>MODERN VEHICLES<\/h2>\n<p style=\"text-align: justify;\">We are owns the latest car models (2019 &#8211; 2020), luxurious, spacious, cool and comfortable. Based on the needs of use and the number of people, we will advise customers to choose the appropriate car model.<\/p>\n<p style=\"text-align: justify;\">We are confident that we can bring the highest satisfaction to customers when riding in the car of Green Leaf Vietnam.<\/p>\n<h2>EXPERIENCE AND ENJOY THE TRIPS<\/h2>\n<p style=\"text-align: justify;\">Using the shuttle service of Green Leaf Vietnam will help customers save time and money, and comfortably enjoy the trip. The car rental contract is always clear, transparent, with a reasonable rental price.<\/p>\n<p style=\"text-align: justify;\">In addition, Green Leaf Viet Nam will take customers to wherever they want to go within Ho Chi Minh City. And Green Leaf Viet Nam also serves all domestic itineraries: Western, Vung Tau, Binh Duong&#8230; as requested by customers.<\/p>\n<p><img decoding=\"async\" src=\"https:\/\/greenleafvietnam.com\/wp-content\/uploads\/2022\/10\/14.jpg\" alt=\"14\" \/><\/p>\n<h2>AIRPORT SHUTTLE<\/h2>\n<p style=\"text-align: center;\">The price list of airport shuttle car rental is always public, and rarely changes. The car rental price will depend on the type of car, car model and number of seats. Car rental price includes airport entrance fee and parking fee during flight delay no more than 2 hours.<\/p>\n<p><a role=\"button\" href=\"\/en\/contact\" target=\"_self\" rel=\"noopener\"><br \/>\nCAR RENTAL PRICE<br \/>\n<\/a><\/p>\n<h4>FREQUENTLY ASKED QUESTIONS<\/h4>\n<h4>How to book a car?<\/h4>\n<p>Customers will book a car via Email, Phone number, Facebook, Zalo or on this Website. Please contact us several days in advance that we can serve customers more attentively.<\/p>\n<h4>How long in advance do I have to book the airport shuttle?<\/h4>\n<p>Customers can book the car at least 1 day before departure or arrival date. However, in some cases we may have to refuse because customer\u2019s request is too close to the flight time.<\/p>\n<h4>How will Green Leaf Viet Nam pick customers up at the airport?<\/h4>\n<p>First, Green Leaf Viet Nam&#8217;s driver will park at the parking lot. Then, the driver will walk to the passenger exit to pick customer up at:<\/p>\n<p><strong>International Terminal:<\/strong><\/p>\n<p>At the exit gate, please turn right and look for Column 10. Our driver will be waiting for you there with a name board.<\/p>\n<p><strong>Domestic Terminal:<\/strong><\/p>\n<p>Our driver will be waiting at A2 gate with a name board.<\/p>\n<h4>I&#8217;m afraid if I don&#8217;t meet the driver at the pick up point<\/h4>\n<p>Before departure day, we will give you the driver&#8217;s name and phone number as well as the car plates. Our driver will pick you up at the pick up point with your name board in hand on the day of rental.<\/p>\n<h4>I don&#8217;t know about Vietnam&#8217;s traffic situation, so I was very worried about the trip\u2018s schedule<\/h4>\n<p>We will help you plan a specific schedule based on the times and locations you provide. Of course, we do not guarantee 100% that the schedule will be perfect as planned because there are many other reasons.<\/p>\n<h4>How many Golf bags can the vehicle carry?<\/h4>\n<p>Toyota Innova mini van can carry 4 passengers and 4 bags of Golf. Ford Transit van can carry 8 customers and 8 bags of Golf.<\/p>\n<h4>TESTIMONIALS<\/h4>\n<p><img decoding=\"async\" src=\"https:\/\/greenleafvietnam.com\/wp-content\/uploads\/2022\/07\/sb-hn6.jpg\" alt=\"sb-hn6\" \/><\/p>\n<h4>Mr Dinh Hieu<\/h4>\n<blockquote>\n<p style=\"text-align: left;\">&#8220;We chose Green Leaf Viet Nam service for my company&#8217;s teambuilding trip in the South region. Despite the large number of vehicles, GLV always taked care us attentively and ensured safety for the whole trip. So our trip was very successful. We strongly believe and will always choose GLV&#8217;s service for our other trips.&#8221;<\/p>\n<\/blockquote>\n<p><img decoding=\"async\" loading=\"lazy\" src=\"https:\/\/greenleafvietnam.com\/wp-content\/uploads\/2022\/08\/\ud83e\udd86-illustration-_IT-Support_.png\" alt=\"\ud83e\udd86 illustration _IT Support_\" width=\"550\" height=\"435\" \/><br \/>\n<img decoding=\"async\" loading=\"lazy\" src=\"https:\/\/greenleafvietnam.com\/wp-content\/uploads\/2022\/10\/tong-dai-2-so-2.png\" alt=\"tong-dai-2-so-2\" width=\"1250\" height=\"602\" \/><\/p>\n","protected":false},"excerpt":{"rendered":"<p>AIRPORT TRANSFER SERVICE, CONFERENCE GREEN LEAF VIET NAM &#8216;S AIRPORT SHUTTLE SERVICE Green Leaf Viet Nam&#8217;s airport shuttle service helps customers not spend a lot of time looking for a car, and may miss their flight, or have to pay for an unclear taxi fare at the airport. Please call us, you can be completely&hellip;<\/p>\n","protected":false},"author":1,"featured_media":1936,"parent":0,"menu_order":0,"comment_status":"closed","ping_status":"closed","template":"","meta":{"inline_featured_image":false},"_links":{"self":[{"href":"https:\/\/greenleafvietnamcomvn768.chiliweb.org\/en\/wp-json\/wp\/v2\/pages\/2861"}],"collection":[{"href":"https:\/\/greenleafvietnamcomvn768.chiliweb.org\/en\/wp-json\/wp\/v2\/pages"}],"about":[{"href":"https:\/\/greenleafvietnamcomvn768.chiliweb.org\/en\/wp-json\/wp\/v2\/types\/page"}],"author":[{"embeddable":true,"href":"https:\/\/greenleafvietnamcomvn768.chiliweb.org\/en\/wp-json\/wp\/v2\/users\/1"}],"replies":[{"embeddable":true,"href":"https:\/\/greenleafvietnamcomvn768.chiliweb.org\/en\/wp-json\/wp\/v2\/comments?post=2861"}],"version-history":[{"count":0,"href":"https:\/\/greenleafvietnamcomvn768.chiliweb.org\/en\/wp-json\/wp\/v2\/pages\/2861\/revisions"}],"wp:featuredmedia":[{"embeddable":true,"href":"https:\/\/greenleafvietnamcomvn768.chiliweb.org\/en\/wp-json\/wp\/v2\/media\/1936"}],"wp:attachment":[{"href":"https:\/\/greenleafvietnamcomvn768.chiliweb.org\/en\/wp-json\/wp\/v2\/media?parent=2861"}],"curies":[{"name":"wp","href":"https:\/\/api.w.org\/{rel}","templated":true}]}}