{"id":2881,"date":"2022-07-29T03:06:03","date_gmt":"2022-07-29T03:06:03","guid":{"rendered":"https:\/\/greenleafvietnam.com\/khoa-huan-luyen-va-cap-bang-lai-xe-cao-cap"},"modified":"2023-02-13T04:28:29","modified_gmt":"2023-02-13T04:28:29","slug":"professional-driver-training-course","status":"publish","type":"page","link":"https:\/\/greenleafvietnamcomvn768.chiliweb.org\/en\/professional-driver-training-course","title":{"rendered":"Professional Driver Training Course"},"content":{"rendered":"<h2>PROFESSIONAL DRIVER TRAINING COURSE<\/h2>\n<p><img decoding=\"async\" src=\"https:\/\/greenleafvietnam.com\/wp-content\/uploads\/2022\/07\/DSC_4676-e1675418770991.jpg\" alt=\"DSC_4676\" \/><\/p>\n<p style=\"text-align: justify;\">Through many years of operation, <strong>Green Leaf Viet Nam<\/strong> has built a team of intructors to train professional driving skills and safe driving for all company drivers.<\/p>\n<p style=\"text-align: justify;\">In addition, we have cooperated with domestic and foreign training centers to train and issue advanced training certificates such as: DDT (Defensive Driving Training), First Aid (FA), Fire Safety (FS), Occupational Health and Safety (OHS), Customer Service Skills (CSS).<\/p>\n<p style=\"text-align: justify;\">These certificates will help drivers meet the required standards when working in foreign enterprises and are valid for use nationwide.<\/p>\n<h2>BENEFITS OF TRAINING COURSE<\/h2>\n<p><img decoding=\"async\" src=\"https:\/\/greenleafvietnam.com\/wp-content\/uploads\/2022\/07\/MG_6009-1.jpeg\" alt=\"_MG_6009\" \/><\/p>\n<h2>For Business Owners<\/h2>\n<p style=\"text-align: justify;\">Understanding driving work, safe driving skills, handling traffic situations, business owners will choose and assign the right personnel to take on this job. This helps the company ensure on-time transportation of employees and professionals, and minimizes loss of life and property.<\/p>\n<h2>For Individuals<\/h2>\n<p style=\"text-align: justify;\">The course is suitable for everyone who already knows how to drive and has a driving license. They want to improve the knowledge and skills necessary to drive safely, to avoid dangerous situations for themselves and others when driving on the road.<\/p>\n<p><img decoding=\"async\" src=\"https:\/\/greenleafvietnam.com\/wp-content\/uploads\/2022\/10\/7.jpg\" alt=\"7\" \/><\/p>\n<h2>WHY CHOOSE US?<\/h2>\n<ul>\n<li style=\"text-align: justify;\">Experienced intructors are certified by the Directorate for Roads of Vietnam and the The Ministry of Labor, War Invalids and Social Affairs.<\/li>\n<li style=\"text-align: justify;\">The training content is detailed, methodical, and always updated. The training method is easy to understand and apply.<\/li>\n<li style=\"text-align: justify;\">The course content includes theory and practice on the training ground \/ yard, which will give learners the techniques and skills to drive safely.<\/li>\n<li style=\"text-align: justify;\">The training ground (yard) is spacious and qualified, ensuring that learners practice safe driving techniques as much as possible.<br \/>\n<img decoding=\"async\" loading=\"lazy\" src=\"https:\/\/greenleafvietnam.com\/wp-content\/uploads\/2022\/08\/Group-135.png\" alt=\"\" width=\"173\" height=\"170\" \/><\/li>\n<\/ul>\n<ul>\n<li style=\"text-align: justify;\">The training room is suitable for large numbers of learners. Training equipment and tools are the most modern and intuitive.<\/li>\n<li style=\"text-align: justify;\">100% free consultation and advice on specialized knowledge for drivers after the course.<\/li>\n<li style=\"text-align: justify;\">Special courses are tailored to the requirements of each enterprise.<\/li>\n<li style=\"text-align: justify;\">The course&#8217;s tuition is preferential for enterprises with many drivers participating in (the course).<\/li>\n<li style=\"text-align: justify;\">Learners do not have to pay any other fees during the course.<br \/>\n<img decoding=\"async\" loading=\"lazy\" src=\"https:\/\/greenleafvietnam.com\/wp-content\/uploads\/2022\/08\/Group-60.png\" alt=\"\" width=\"302\" height=\"230\" \/><\/li>\n<\/ul>\n<h2>ACTUAL TRAINNING IMAGES<\/h2>\n<p><img decoding=\"async\" loading=\"lazy\" src=\"https:\/\/greenleafvietnam.com\/wp-content\/uploads\/2022\/08\/Rectangle-75-2.jpg\" alt=\"Rectangle 75\" width=\"640\" height=\"430\" \/><br \/>\n<img decoding=\"async\" loading=\"lazy\" src=\"https:\/\/greenleafvietnam.com\/wp-content\/uploads\/2022\/11\/z3417830935090_bce38a6abcb5b0ee8e8bda7dc367916f.jpg\" alt=\"z3417830935090_bce38a6abcb5b0ee8e8bda7dc367916f\" width=\"2046\" height=\"1362\" \/><br \/>\n<img decoding=\"async\" loading=\"lazy\" src=\"https:\/\/greenleafvietnam.com\/wp-content\/uploads\/2022\/08\/Rectangle-77-1.jpg\" alt=\"Rectangle 77\" width=\"420\" height=\"290\" \/><br \/>\n<img decoding=\"async\" loading=\"lazy\" src=\"https:\/\/greenleafvietnam.com\/wp-content\/uploads\/2022\/08\/Rectangle-78-1.jpg\" alt=\"m\u1eb9o l\u00e1i xe an to\u00e0n 2\" width=\"529\" height=\"290\" \/><br \/>\n<img decoding=\"async\" loading=\"lazy\" src=\"https:\/\/greenleafvietnam.com\/wp-content\/uploads\/2022\/08\/Rectangle-79-1.jpg\" alt=\"Rectangle 79\" width=\"309\" height=\"290\" \/><\/p>\n<h2>Study while others are sleeping, work while others are loafing, prepare while others are playing, and dream while others are wishing.<\/h2>\n<p style=\"text-align: center;\"><em>\u201cH\u00e3y h\u1ecdc khi ng\u01b0\u1eddi kh\u00e1c ng\u1ee7, lao \u0111\u1ed9ng khi ng\u01b0\u1eddi kh\u00e1c l\u01b0\u1eddi nh\u00e1c, chu\u1ea9n b\u1ecb khi ng\u01b0\u1eddi kh\u00e1c ch\u01a1i b\u1eddi, v\u00e0 c\u00f3 gi\u1ea5c m\u01a1 khi ng\u01b0\u1eddi kh\u00e1c ch\u1ec9 ao \u01b0\u1edbc\u201d<\/em><\/p>\n<p style=\"text-align: center;\"><em><strong>William Arthur Ward<\/strong><\/em><\/p>\n<p><img decoding=\"async\" loading=\"lazy\" src=\"https:\/\/greenleafvietnam.com\/wp-content\/uploads\/2022\/08\/Neie-1.png\" alt=\"\u00d1\u00eb\u00ee\u00e9 1\" width=\"551\" height=\"455\" \/><\/p>\n<h2>COURSE CONTENT<\/h2>\n<p><img decoding=\"async\" src=\"https:\/\/greenleafvietnam.com\/wp-content\/uploads\/2022\/09\/hl1-1.jpg\" alt=\"hl1\" \/><\/p>\n<h2>TRAINING CONTENT<\/h2>\n<ul>\n<li>Legal requirements for traffic safety<\/li>\n<li style=\"text-align: left;\">Defensive driving definition<\/li>\n<li style=\"text-align: left;\">10 rules of safe driving<\/li>\n<li style=\"text-align: left;\">Driver responsibilities, common behavior and habits in driving<\/li>\n<li style=\"text-align: left;\">Driver responsibilities, common behavior and habits in driving<\/li>\n<li style=\"text-align: left;\">How to adjust the wing mirror and rear view mirror for good observation<\/li>\n<li style=\"text-align: left;\">Vehicle&#8217;s blind spot<\/li>\n<li style=\"text-align: left;\">Identify and control hazards when driving uphill and downhill<\/li>\n<li style=\"text-align: left;\">How to drive safely in limited observation distance, bad weather, dangerous roads and complicated traffic situations<\/li>\n<li style=\"text-align: left;\">Control when tired<\/li>\n<li style=\"text-align: left;\">First aid and fire safety<\/li>\n<li style=\"text-align: left;\">Share practical experiences to face with unexpected situations while driving<\/li>\n<\/ul>\n<h2>PRACTICE<\/h2>\n<ul>\n<li>Check the vehicles before driving<\/li>\n<li>Each learner practices the following content:<\/li>\n<li>How to face with unexpected situations?<\/li>\n<li>Drive along the zigzag road<\/li>\n<li>Brake technique in emergency<\/li>\n<li>Drive on a slippery road<\/li>\n<\/ul>\n<p>&nbsp;<\/p>\n<p><img decoding=\"async\" loading=\"lazy\" src=\"https:\/\/greenleafvietnam.com\/wp-content\/uploads\/2022\/07\/DSC_4676-e1675672986771.jpg\" alt=\"DSC_4676\" width=\"600\" height=\"400\" \/><\/p>\n<h2>TRAINING NEWS<\/h2>\n<p><a title=\"SAFETY REGULATIONS ON THE JOURNEY\" href=\"https:\/\/greenleafvietnam.com\/en\/training-category\/safety-regulations-on-the-journey.html\" target=\"_self\" rel=\"noopener nofollow\"><br \/>\n<img decoding=\"async\" src=\"https:\/\/greenleafvietnam.com\/wp-content\/uploads\/2022\/11\/251378938_3009047502670640_5879078954888059091_n-e1673491733265.jpg\" alt=\"quy \u0111\u1ecbnh l\u01b0u tr\u00fa\" \/><br \/>\n<\/a><\/p>\n<h2><a tabindex=\"0\" title=\"SAFETY REGULATIONS ON THE JOURNEY\" href=\"https:\/\/greenleafvietnam.com\/en\/training-category\/safety-regulations-on-the-journey.html\" rel=\"nofollow noopener\" target=\"_blank\">SAFETY REGULATIONS ON THE JOURNEY<\/a><\/h2>\n<p>VEHICLES AS HOME AND PASSENGERS ARE FAMILY\u00a0 Dear Drivers! Remember this: Good protection for yourself is to protect those around you. The happiness and safety of passengers is the goal of the Green Leaf Vietnam collective. Sending you notes to keep hygiene and safety against the epidemic on all itineraries &#8230;<\/p>\n<h4><a tabindex=\"0\" title=\"GREEN LEAF VIET NAM HOLIDAY NOTICE \u2013 NATIONAL DAY 02\/09\" href=\"https:\/\/greenleafvietnam.com\/en\/announcements\/green-leaf-viet-nam-holiday-notice-national-day-02-09.html\" rel=\"nofollow noopener\" target=\"_blank\">GREEN LEAF VIET NAM HOLIDAY NOTICE \u2013 NATIONAL DAY 02\/09<\/a><\/h4>\n<p>GREEN LEAF VIET NAM HOLIDAY NOTICE \u2013 NATIONAL DAY 02\/09 Green Leaf Viet Nam is pleased to announce to our partners and customers the closing schedule on occasion of National Day September 02nd 2022 as follows: &#8211; Friday September 02nd, 2022 \u2013 Sunday September 4th 2022: National day holiday close. &#8230;<\/p>\n<h4><a tabindex=\"0\" title=\"AN IMPORTANT PARTNER FOR BUSINESSES NEW TO THE VIETNAMESE MARKET\u2026?\" href=\"https:\/\/greenleafvietnam.com\/en\/announcements\/an-important-partner-for-businesses-new-to-the-vietnamese-market.html\" rel=\"nofollow noopener\" target=\"_blank\">AN IMPORTANT PARTNER FOR BUSINESSES NEW TO THE VIETNAMESE MARKET\u2026?<\/a><\/h4>\n<p>Green Leaf Vietnam Company provides car rental service with driver in Vietnam. Our main customers are businesses, multinational companies with operations in Vietnam. The highlight is the long-term rental with a private driver. Customers come to Green Leaf Vietnam because of its excellent customer service and exceptional value with its &#8230;<\/p>\n<h4><a tabindex=\"0\" title=\"WHY WOULD YOU NEED AN AIRPORT REPRESENTATIVE?\u00a0\" href=\"https:\/\/greenleafvietnam.com\/en\/sharing-experiences\/why-would-you-need-an-airport-representative.html\" rel=\"nofollow noopener\" target=\"_blank\">WHY WOULD YOU NEED AN AIRPORT REPRESENTATIVE?\u00a0<\/a><\/h4>\n<p>\u2708\ufe0f\ud83d\udc69\u200d\ud83e\uddb0We have been an Airport Representative for a while and We know that feeling of yours&#8230; \ud83d\ude97 Although you are very excited about the trip ahead. You will suddenly feel unsafe because of the overloaded area of Ho Chi Minh City airport. People are rushing towards their friends, their relatives, &#8230;<br \/>\n<a role=\"button\" href=\"\/en\/training-category\" target=\"_self\" rel=\"noopener\"><br \/>\nMore<br \/>\n<\/a><br \/>\n<img decoding=\"async\" loading=\"lazy\" src=\"https:\/\/greenleafvietnam.com\/wp-content\/uploads\/2022\/08\/\ud83e\udd86-illustration-_IT-Support_.png\" alt=\"\ud83e\udd86 illustration _IT Support_\" width=\"550\" height=\"435\" \/><br \/>\n<img decoding=\"async\" loading=\"lazy\" src=\"https:\/\/greenleafvietnam.com\/wp-content\/uploads\/2022\/11\/button-tieng-nhat-03.png\" alt=\"button ti\u1ebfng nh\u1eadt-03\" width=\"1250\" height=\"602\" \/><\/p>\n","protected":false},"excerpt":{"rendered":"<p>PROFESSIONAL DRIVER TRAINING COURSE Through many years of operation, Green Leaf Viet Nam has built a team of intructors to train professional driving skills and safe driving for all company drivers. In addition, we have cooperated with domestic and foreign training centers to train and issue advanced training certificates such as: DDT (Defensive Driving Training),&hellip;<\/p>\n","protected":false},"author":1,"featured_media":0,"parent":0,"menu_order":0,"comment_status":"closed","ping_status":"closed","template":"","meta":{"inline_featured_image":false},"_links":{"self":[{"href":"https:\/\/greenleafvietnamcomvn768.chiliweb.org\/en\/wp-json\/wp\/v2\/pages\/2881"}],"collection":[{"href":"https:\/\/greenleafvietnamcomvn768.chiliweb.org\/en\/wp-json\/wp\/v2\/pages"}],"about":[{"href":"https:\/\/greenleafvietnamcomvn768.chiliweb.org\/en\/wp-json\/wp\/v2\/types\/page"}],"author":[{"embeddable":true,"href":"https:\/\/greenleafvietnamcomvn768.chiliweb.org\/en\/wp-json\/wp\/v2\/users\/1"}],"replies":[{"embeddable":true,"href":"https:\/\/greenleafvietnamcomvn768.chiliweb.org\/en\/wp-json\/wp\/v2\/comments?post=2881"}],"version-history":[{"count":0,"href":"https:\/\/greenleafvietnamcomvn768.chiliweb.org\/en\/wp-json\/wp\/v2\/pages\/2881\/revisions"}],"wp:attachment":[{"href":"https:\/\/greenleafvietnamcomvn768.chiliweb.org\/en\/wp-json\/wp\/v2\/media?parent=2881"}],"curies":[{"name":"wp","href":"https:\/\/api.w.org\/{rel}","templated":true}]}}