{"id":2941,"date":"2022-10-18T01:54:35","date_gmt":"2022-10-18T01:54:35","guid":{"rendered":"https:\/\/greenleafvietnam.com\/dong-xe-7-cho"},"modified":"2023-02-15T10:15:30","modified_gmt":"2023-02-15T10:15:30","slug":"vehicle-with-7-seats","status":"publish","type":"page","link":"https:\/\/greenleafvietnamcomvn768.chiliweb.org\/en\/vehicle-with-7-seats","title":{"rendered":"Vehicle with 7 seats"},"content":{"rendered":"<h2>VEHICLE WITH 7 SEATS<\/h2>\n<h2>VEHICLE WITH 7 SEATS<\/h2>\n<h2><a title=\"Toyota Innova\" href=\"\/en\/toyota-innova\" target=\"_self\" rel=\"noopener\"><br \/>\nToyota Innova<br \/>\n<\/a><\/h2>\n<p><a role=\"button\" href=\"\/en\/toyota-innova\" target=\"_self\" rel=\"noopener\"><br \/>\nMore<br \/>\n<\/a><\/p>\n<h2><a title=\"Toyota Fortuner\" href=\"\/en\/fortuner\" target=\"_self\" rel=\"noopener\"><br \/>\nToyota Fortuner<br \/>\n<\/a><\/h2>\n<p><a role=\"button\" href=\"\/en\/fortuner\" target=\"_self\" rel=\"noopener\"><br \/>\nMore<br \/>\n<\/a><\/p>\n<h2><a title=\"Ford Everest\" href=\"\/en\/everest\" target=\"_self\" rel=\"noopener\"><br \/>\nFord Everest<br \/>\n<\/a><\/h2>\n<p><a role=\"button\" href=\"\/en\/everest\" target=\"_self\" rel=\"noopener\"><br \/>\nMore<br \/>\n<\/a><\/p>\n<h2><a title=\"Kia Sedona\" href=\"\/en\/sedona\" target=\"_self\" rel=\"noopener\"><br \/>\nKia Sedona<br \/>\n<\/a><\/h2>\n<p><a role=\"button\" href=\"\/en\/sedona\" target=\"_self\" rel=\"noopener\"><br \/>\nMore<br \/>\n<\/a><\/p>\n<h2><a title=\"Kia Carnival\" href=\"\/en\/carnival\" target=\"_self\" rel=\"noopener\"><br \/>\nKia Carnival<br \/>\n<\/a><\/h2>\n<p><a role=\"button\" href=\"\/en\/carnival\" target=\"_self\" rel=\"noopener\"><br \/>\nMore<br \/>\n<\/a><\/p>\n<h2><a title=\"Mitsubishi Outlander\" href=\"\/en\/outlander\" target=\"_self\" rel=\"noopener\"><br \/>\nMitsubishi Outlander<br \/>\n<\/a><\/h2>\n<p><a role=\"button\" href=\"\/en\/outlander\" target=\"_self\" rel=\"noopener\"><br \/>\nMore<br \/>\n<\/a><\/p>\n<h2><a title=\"Mitsubishi Xpander\" href=\"\/en\/xpander\" target=\"_self\" rel=\"noopener\"><br \/>\nMitsubishi Xpander<br \/>\n<\/a><\/h2>\n<p><a role=\"button\" href=\"\/en\/xpander\" target=\"_self\" rel=\"noopener\"><br \/>\nMore<br \/>\n<\/a><\/p>\n<h2><a title=\"Isuzu Mu-X\" href=\"\/en\/isuzu-mu-x\" target=\"_self\" rel=\"noopener\"><br \/>\nIsuzu Mu-X<br \/>\n<\/a><\/h2>\n<p><a role=\"button\" href=\"\/en\/isuzu-mu-x\" target=\"_self\" rel=\"noopener\"><br \/>\nMore<br \/>\n<\/a><\/p>\n<h2><a title=\"Honda CRV\" href=\"\/en\/honda-CRV\" target=\"_self\" rel=\"noopener\"><br \/>\nHonda CRV<br \/>\n<\/a><\/h2>\n<p><a role=\"button\" href=\"\/en\/Honda-CRV\" target=\"_self\" rel=\"noopener\"><br \/>\nMore<br \/>\n<\/a><\/p>\n<h2>OTHER VEHICLES<\/h2>\n<h2>RELATED SERVICES<\/h2>\n<p><a title=\"Long Term Car Rental\" href=\"https:\/\/greenleafvietnam.com\/en\/long-term-car-rental\" target=\"_self\" rel=\"noopener nofollow\"><br \/>\n<img decoding=\"async\" src=\"https:\/\/greenleafvietnam.com\/wp-content\/uploads\/2022\/11\/Banner-2-e1673408983882.jpg\" alt=\"Thu\u00ea Xe Doanh Nghi\u1ec7p\" \/><br \/>\n<\/a><\/p>\n<h3><a tabindex=\"0\" title=\"Long Term Car Rental\" href=\"https:\/\/greenleafvietnam.com\/en\/long-term-car-rental\" rel=\"nofollow noopener\" target=\"_blank\">Long Term Car Rental<\/a><\/h3>\n<p>LONG TERM CAR RENTAL SERVICE CRITERIA SAFETY The vehicle is fully equipped with safety control &#8230;<br \/>\n<a href=\"https:\/\/greenleafvietnam.com\/en\/long-term-car-rental\" target=\"_self\" rel=\"noopener nofollow\">More \u2192<\/a><br \/>\n<a title=\"Short Term Car Rental\" href=\"https:\/\/greenleafvietnam.com\/en\/short-term-car-rental\" target=\"_self\" rel=\"noopener nofollow\"><br \/>\n<img decoding=\"async\" src=\"https:\/\/greenleafvietnam.com\/wp-content\/uploads\/2022\/11\/dich-vu-doanh-nghiep-1-e1673410389519.jpg\" alt=\"Thu\u00ea Xe Du L\u1ecbch\" \/><br \/>\n<\/a><\/p>\n<h3><a tabindex=\"0\" title=\"Short Term Car Rental\" href=\"https:\/\/greenleafvietnam.com\/en\/short-term-car-rental\" rel=\"nofollow noopener\" target=\"_blank\">Short Term Car Rental<\/a><\/h3>\n<p>CAR RENTAL FOR TRIP &amp; TRAVEL INTO THE GREEN WORLD OF TOURISM WITH GREEN LEAF &#8230;<br \/>\n<a href=\"https:\/\/greenleafvietnam.com\/en\/short-term-car-rental\" target=\"_self\" rel=\"noopener nofollow\">More \u2192<\/a><br \/>\n<a title=\"Airport Shuttle, Conferences, Golf\u2026\" href=\"https:\/\/greenleafvietnam.com\/en\/airport-shuttle\" target=\"_self\" rel=\"noopener nofollow\"><br \/>\n<img decoding=\"async\" src=\"https:\/\/greenleafvietnam.com\/wp-content\/uploads\/2022\/10\/13-e1673577315260.jpg\" alt=\"xe \u0111\u01b0a \u0111\u00f3n s\u00e2n bay\" \/><br \/>\n<\/a><\/p>\n<h3><a tabindex=\"0\" title=\"Airport Shuttle, Conferences, Golf\u2026\" href=\"https:\/\/greenleafvietnam.com\/en\/airport-shuttle\" rel=\"nofollow noopener\" target=\"_blank\">Airport Shuttle, Conferences, Golf\u2026<\/a><\/h3>\n<p>AIRPORT TRANSFER SERVICE, CONFERENCE GREEN LEAF VIET NAM &#8216;S AIRPORT SHUTTLE SERVICE Green Leaf Viet &#8230;<br \/>\n<a href=\"https:\/\/greenleafvietnam.com\/en\/airport-shuttle\" target=\"_self\" rel=\"noopener nofollow\">More \u2192<\/a><br \/>\n<img decoding=\"async\" loading=\"lazy\" src=\"https:\/\/greenleafvietnam.com\/wp-content\/uploads\/2022\/08\/\ud83e\udd86-illustration-_IT-Support_.png\" alt=\"\ud83e\udd86 illustration _IT Support_\" width=\"550\" height=\"435\" \/><\/p>\n<h2>CONNECT WITH GREEN LEAF VIET NAM<\/h2>\n<p style=\"text-align: center;\">Green Leaf Vietnam team<br \/>\nis ready to support and advise you<\/p>\n<p><a role=\"button\" href=\"tel:18006300\" target=\"_self\" rel=\"noopener\"><br \/>\n1800 6300<br \/>\n<\/a><\/p>\n","protected":false},"excerpt":{"rendered":"<p>VEHICLE WITH 7 SEATS VEHICLE WITH 7 SEATS Toyota Innova More Toyota Fortuner More Ford Everest More Kia Sedona More Kia Carnival More Mitsubishi Outlander More Mitsubishi Xpander More Isuzu Mu-X More Honda CRV More OTHER VEHICLES RELATED SERVICES Long Term Car Rental LONG TERM CAR RENTAL SERVICE CRITERIA SAFETY The vehicle is fully equipped&hellip;<\/p>\n","protected":false},"author":1,"featured_media":0,"parent":0,"menu_order":0,"comment_status":"closed","ping_status":"closed","template":"","meta":{"inline_featured_image":false},"_links":{"self":[{"href":"https:\/\/greenleafvietnamcomvn768.chiliweb.org\/en\/wp-json\/wp\/v2\/pages\/2941"}],"collection":[{"href":"https:\/\/greenleafvietnamcomvn768.chiliweb.org\/en\/wp-json\/wp\/v2\/pages"}],"about":[{"href":"https:\/\/greenleafvietnamcomvn768.chiliweb.org\/en\/wp-json\/wp\/v2\/types\/page"}],"author":[{"embeddable":true,"href":"https:\/\/greenleafvietnamcomvn768.chiliweb.org\/en\/wp-json\/wp\/v2\/users\/1"}],"replies":[{"embeddable":true,"href":"https:\/\/greenleafvietnamcomvn768.chiliweb.org\/en\/wp-json\/wp\/v2\/comments?post=2941"}],"version-history":[{"count":0,"href":"https:\/\/greenleafvietnamcomvn768.chiliweb.org\/en\/wp-json\/wp\/v2\/pages\/2941\/revisions"}],"wp:attachment":[{"href":"https:\/\/greenleafvietnamcomvn768.chiliweb.org\/en\/wp-json\/wp\/v2\/media?parent=2941"}],"curies":[{"name":"wp","href":"https:\/\/api.w.org\/{rel}","templated":true}]}}