{"id":2976,"date":"2022-10-18T02:44:09","date_gmt":"2022-10-18T02:44:09","guid":{"rendered":"https:\/\/greenleafvietnam.com\/dong-xe-47-cho"},"modified":"2023-02-15T10:12:37","modified_gmt":"2023-02-15T10:12:37","slug":"vehicle-with-47-seats","status":"publish","type":"page","link":"https:\/\/greenleafvietnamcomvn768.chiliweb.org\/en\/vehicle-with-47-seats","title":{"rendered":"Vehicle with 47 seats"},"content":{"rendered":"<h2>VEHICLE WITH 47 SEATS<\/h2>\n<h2>VEHICLE WITH 47 SEATS<\/h2>\n<h2><a title=\"Universe\" href=\"\/en\/universe\" target=\"_self\" rel=\"noopener\"><br \/>\nUniverse<br \/>\n<\/a><\/h2>\n<p><a role=\"button\" href=\"\/en\/universe\" target=\"_self\" rel=\"noopener\"><br \/>\nMore<br \/>\n<\/a><\/p>\n<h2>OTHER VEHICLES<\/h2>\n<h2>RELATED SERVICES<\/h2>\n<p><a title=\"Long Term Car Rental\" href=\"https:\/\/greenleafvietnam.com\/en\/long-term-car-rental\" target=\"_self\" rel=\"noopener nofollow\"><br \/>\n<img decoding=\"async\" src=\"https:\/\/greenleafvietnam.com\/wp-content\/uploads\/2022\/11\/Banner-2-e1673408983882.jpg\" alt=\"Thu\u00ea Xe Doanh Nghi\u1ec7p\" \/><br \/>\n<\/a><\/p>\n<h3><a tabindex=\"0\" title=\"Long Term Car Rental\" href=\"https:\/\/greenleafvietnam.com\/en\/long-term-car-rental\" rel=\"nofollow noopener\" target=\"_blank\">Long Term Car Rental<\/a><\/h3>\n<p>LONG TERM CAR RENTAL SERVICE CRITERIA SAFETY The vehicle is fully equipped with safety control &#8230;<br \/>\n<a role=\"button\" href=\"https:\/\/greenleafvietnam.com\/en\/long-term-car-rental\" target=\"_self\" rel=\"noopener\"><br \/>\nMore<br \/>\n<\/a><br \/>\n<a title=\"Short Term Car Rental\" href=\"https:\/\/greenleafvietnam.com\/en\/short-term-car-rental\" target=\"_self\" rel=\"noopener nofollow\"><br \/>\n<img decoding=\"async\" src=\"https:\/\/greenleafvietnam.com\/wp-content\/uploads\/2022\/11\/dich-vu-doanh-nghiep-1-e1673410389519.jpg\" alt=\"Thu\u00ea Xe Du L\u1ecbch\" \/><br \/>\n<\/a><\/p>\n<h3><a tabindex=\"0\" title=\"Short Term Car Rental\" href=\"https:\/\/greenleafvietnam.com\/en\/short-term-car-rental\" rel=\"nofollow noopener\" target=\"_blank\">Short Term Car Rental<\/a><\/h3>\n<p>CAR RENTAL FOR TRIP &amp; TRAVEL INTO THE GREEN WORLD OF TOURISM WITH GREEN LEAF &#8230;<br \/>\n<a role=\"button\" href=\"https:\/\/greenleafvietnam.com\/en\/short-term-car-rental\" target=\"_self\" rel=\"noopener\"><br \/>\nMore<br \/>\n<\/a><br \/>\n<a title=\"Airport Shuttle, Conferences, Golf\u2026\" href=\"https:\/\/greenleafvietnam.com\/en\/airport-shuttle\" target=\"_self\" rel=\"noopener nofollow\"><br \/>\n<img decoding=\"async\" src=\"https:\/\/greenleafvietnam.com\/wp-content\/uploads\/2022\/10\/13-e1673577315260.jpg\" alt=\"xe \u0111\u01b0a \u0111\u00f3n s\u00e2n bay\" \/><br \/>\n<\/a><\/p>\n<h3><a tabindex=\"0\" title=\"Airport Shuttle, Conferences, Golf\u2026\" href=\"https:\/\/greenleafvietnam.com\/en\/airport-shuttle\" rel=\"nofollow noopener\" target=\"_blank\">Airport Shuttle, Conferences, Golf\u2026<\/a><\/h3>\n<p>AIRPORT TRANSFER SERVICE, CONFERENCE GREEN LEAF VIET NAM &#8216;S AIRPORT SHUTTLE SERVICE Green Leaf Viet &#8230;<br \/>\n<a role=\"button\" href=\"https:\/\/greenleafvietnam.com\/en\/airport-shuttle\" target=\"_self\" rel=\"noopener\"><br \/>\nMore<br \/>\n<\/a><br \/>\n<img decoding=\"async\" loading=\"lazy\" src=\"https:\/\/greenleafvietnam.com\/wp-content\/uploads\/2022\/08\/\ud83e\udd86-illustration-_IT-Support_.png\" alt=\"\ud83e\udd86 illustration _IT Support_\" width=\"550\" height=\"435\" \/><\/p>\n<h2>CONNECT WITH GREEN LEAF VIET NAM<\/h2>\n<p style=\"text-align: center;\">Green Leaf Vietnam team<br \/>\nis ready to support and advise you<\/p>\n<p><a role=\"button\" href=\"tel:18006300\" target=\"_self\" rel=\"noopener\"><br \/>\n1800 6300<br \/>\n<\/a><\/p>\n","protected":false},"excerpt":{"rendered":"<p>VEHICLE WITH 47 SEATS VEHICLE WITH 47 SEATS Universe More OTHER VEHICLES RELATED SERVICES Long Term Car Rental LONG TERM CAR RENTAL SERVICE CRITERIA SAFETY The vehicle is fully equipped with safety control &#8230; More Short Term Car Rental CAR RENTAL FOR TRIP &amp; TRAVEL INTO THE GREEN WORLD OF TOURISM WITH GREEN LEAF &#8230;&hellip;<\/p>\n","protected":false},"author":1,"featured_media":5472,"parent":0,"menu_order":0,"comment_status":"closed","ping_status":"closed","template":"","meta":{"inline_featured_image":false},"_links":{"self":[{"href":"https:\/\/greenleafvietnamcomvn768.chiliweb.org\/en\/wp-json\/wp\/v2\/pages\/2976"}],"collection":[{"href":"https:\/\/greenleafvietnamcomvn768.chiliweb.org\/en\/wp-json\/wp\/v2\/pages"}],"about":[{"href":"https:\/\/greenleafvietnamcomvn768.chiliweb.org\/en\/wp-json\/wp\/v2\/types\/page"}],"author":[{"embeddable":true,"href":"https:\/\/greenleafvietnamcomvn768.chiliweb.org\/en\/wp-json\/wp\/v2\/users\/1"}],"replies":[{"embeddable":true,"href":"https:\/\/greenleafvietnamcomvn768.chiliweb.org\/en\/wp-json\/wp\/v2\/comments?post=2976"}],"version-history":[{"count":0,"href":"https:\/\/greenleafvietnamcomvn768.chiliweb.org\/en\/wp-json\/wp\/v2\/pages\/2976\/revisions"}],"wp:featuredmedia":[{"embeddable":true,"href":"https:\/\/greenleafvietnamcomvn768.chiliweb.org\/en\/wp-json\/wp\/v2\/media\/5472"}],"wp:attachment":[{"href":"https:\/\/greenleafvietnamcomvn768.chiliweb.org\/en\/wp-json\/wp\/v2\/media?parent=2976"}],"curies":[{"name":"wp","href":"https:\/\/api.w.org\/{rel}","templated":true}]}}