{"id":3040,"date":"2019-05-21T04:14:33","date_gmt":"2019-05-21T04:14:33","guid":{"rendered":"https:\/\/greenleafvietnam.com\/lien-he"},"modified":"2024-08-29T03:13:05","modified_gmt":"2024-08-29T03:13:05","slug":"contact","status":"publish","type":"page","link":"https:\/\/greenleafvietnamcomvn768.chiliweb.org\/en\/contact","title":{"rendered":"Contact"},"content":{"rendered":"<h2>\n\t\tCONTACTS<br \/>\n\t<\/h2>\n<p>\t\t\t\t<img decoding=\"async\" loading=\"lazy\" src=\"https:\/\/greenleafvietnam.com\/wp-content\/uploads\/2022\/08\/hinh-van-phong-GLV-1.jpg\" alt=\"h\u00ecnh v\u0103n ph\u00f2ng GLV 1\" itemprop=\"image\" height=\"378\" width=\"597\"  \/><\/p>\n<h2>\n\t\tGREEN LEAF VIET NAM TRANSPORTATION Co.,Ltd.<br \/>\n\t<\/h2>\n<p><strong>\u00a0<img decoding=\"async\" loading=\"lazy\" src=\"https:\/\/greenleafvietnam.com\/wp-content\/uploads\/2022\/08\/Group-133.png\" alt=\"\" width=\"30\" height=\"31\" \/> SOUTH OFFICE<\/strong><strong>:<\/strong> <\/p>\n<p>104-106 Tran Luu , An Phu Ward, Thu Duc City, HCMC.<\/p>\n<p><strong><img decoding=\"async\" loading=\"lazy\" src=\"https:\/\/greenleafvietnam.com\/wp-content\/uploads\/2022\/08\/Group-133.png\" alt=\"\" width=\"30\" height=\"31\" \/> NORTHERN OFFICE:<\/strong> <\/p>\n<p> ICD My Dinh Port, 17 Pham Hung, My Dinh 2 Ward, Nam Tu Liem District, Hanoi.<\/p>\n<p><strong><img decoding=\"async\" loading=\"lazy\" src=\"https:\/\/greenleafvietnam.com\/wp-content\/uploads\/2022\/08\/Group-133.png\" alt=\"\" width=\"30\" height=\"31\" \/> CENTRAL OFFICE: <\/strong><\/p>\n<p>18 &amp; 19 Area BB2- Kim Cuc Green Urban Area, Ghenh Rang Ward, Quy Nhon City, Binh Dinh Province.<\/p>\n<p><strong><img decoding=\"async\" loading=\"lazy\" src=\"https:\/\/greenleafvietnam.com\/wp-content\/uploads\/2022\/08\/Vector.png\" alt=\"\" width=\"30\" height=\"21\" \/> Email:<\/strong> <a style=\"color: #000000;\" href=\"mailto:Booking@green-leaf.vn\" target=\"_blank\" rel=\"noopener\">cskh@green-leaf.vn<\/a><\/p>\n<p><strong><img decoding=\"async\" loading=\"lazy\" src=\"https:\/\/greenleafvietnam.com\/wp-content\/uploads\/2022\/08\/Vector-1.png\" alt=\"\" width=\"30\" height=\"24\" \/> Hotline:<\/strong> <a style=\"color: #000000;\" href=\"tel:0963703503\" target=\"_blank\" rel=\"noopener\">0962 976 038<\/a>\u00a0\u2013 <strong>Free support:<\/strong> <a style=\"color: #000000;\" href=\"tel:18006300\" target=\"_blank\" rel=\"noopener\">1800 6300<\/a><\/p>\n<h2>\n\t\tPLEASE CONTACT US<br \/>\n\t<\/h2>\n<p>\t<div role=\"form\" class=\"wpcf7\" id=\"wpcf7-f3042-o1\" lang=\"en-US\" dir=\"ltr\">\n<div class=\"screen-reader-response\"><\/div>\n<form action=\"\/en\/wp-json\/wp\/v2\/pages\/3040#wpcf7-f3042-o1\" method=\"post\" class=\"wpcf7-form\" novalidate=\"novalidate\">\n<div style=\"display: none;\">\n<input type=\"hidden\" name=\"_wpcf7\" value=\"3042\" \/>\n<input type=\"hidden\" name=\"_wpcf7_version\" value=\"5.1.1\" \/>\n<input type=\"hidden\" name=\"_wpcf7_locale\" value=\"en_US\" \/>\n<input type=\"hidden\" name=\"_wpcf7_unit_tag\" value=\"wpcf7-f3042-o1\" \/>\n<input type=\"hidden\" name=\"_wpcf7_container_post\" value=\"0\" \/>\n<input type=\"hidden\" name=\"g-recaptcha-response\" value=\"\" \/>\n<\/div>\n<div style=\"display: none\"><p><span class=\"wpcf7-form-control-wrap\" data-name=\"mbws\"><input size=\"40\" class=\"wpcf7-form-control wpcf7-text\" aria-invalid=\"false\" value=\"\" type=\"text\" name=\"mbws\"><\/span><\/p><\/div><div class=\"contact\">\n<div class=\"col-md-12\">\n<label>Name: *<\/label><br \/>\n<span class=\"wpcf7-form-control-wrap text-507\"><input type=\"text\" name=\"text-507\" value=\"\" size=\"40\" class=\"wpcf7-form-control wpcf7-text wpcf7-validates-as-required\" aria-required=\"true\" aria-invalid=\"false\" \/><\/span>\n<\/div>\n<div class=\"col-md-12\">\n<label>Phone number: *<\/label><br \/>\n<span class=\"wpcf7-form-control-wrap number-540\"><input type=\"number\" name=\"number-540\" value=\"\" class=\"wpcf7-form-control wpcf7-number wpcf7-validates-as-required wpcf7-validates-as-number\" aria-required=\"true\" aria-invalid=\"false\" \/><\/span>\n<\/div>\n<div class=\"col-md-12\">\n<label>Email: *<\/label><br \/>\n<span class=\"wpcf7-form-control-wrap email-658\"><input type=\"email\" name=\"email-658\" value=\"\" size=\"40\" class=\"wpcf7-form-control wpcf7-text wpcf7-email wpcf7-validates-as-required wpcf7-validates-as-email\" aria-required=\"true\" aria-invalid=\"false\" \/><\/span>\n<\/div>\n<div class=\"col-md-12\">\n<label>Messages: <\/label><br \/>\n<span class=\"wpcf7-form-control-wrap textarea-991\"><textarea name=\"textarea-991\" cols=\"40\" rows=\"10\" class=\"wpcf7-form-control wpcf7-textarea\" aria-invalid=\"false\"><\/textarea><\/span>\n<\/div>\n<div class=\"col-md-6 col-gui\">\n<input type=\"submit\" value=\"SEND\" class=\"wpcf7-form-control wpcf7-submit btn-gui\" \/>\n<\/div>\n<\/div>\n<div class=\"wpcf7-response-output wpcf7-display-none\"><\/div><\/form><\/div><br \/>\n\t<iframe src=\"https:\/\/www.google.com\/maps\/embed?pb=!1m18!1m12!1m3!1d3919.229950446601!2d106.73817171515314!3d10.793692292309812!2m3!1f0!2f0!3f0!3m2!1i1024!2i768!4f13.1!3m3!1m2!1s0x31752f042af99763%3A0xae3c7f3a92b19090!2sC%C3%B4ng%20ty%20TNHH%20TM%20DV%20Green%20Leaf%20Vi%E1%BB%87t%20Nam!5e0!3m2!1svi!2s!4v1659081381435!5m2!1svi!2s\" width=\"100%\" height=\"450\" style=\"border:0;\" allowfullscreen=\"\" loading=\"lazy\" referrerpolicy=\"no-referrer-when-downgrade\"><\/iframe><br \/>\n\t\t\t\t<img decoding=\"async\" loading=\"lazy\" src=\"https:\/\/greenleafvietnam.com\/wp-content\/uploads\/2022\/08\/\ud83e\udd86-illustration-_IT-Support_.png\" alt=\"\ud83e\udd86 illustration _IT Support_\" itemprop=\"image\" height=\"435\" width=\"550\"  \/><\/p>\n<h2>\n\t\tCONNECT WITH GREEN LEAF VIET NAM<br \/>\n\t<\/h2>\n<p style=\"text-align: center;\">Green Leaf Vietnam team\u00a0<br \/>\nis ready to support and advise you<\/p>\n<p>\t\t\t<a href=\"tel:18006300\" target=\"_self\" role=\"button\" rel=\"noopener\"><br \/>\n\t\t\t\t\t\t1800 6300<br \/>\n\t\t\t\t\t<\/a><\/p>\n","protected":false},"excerpt":{"rendered":"<p>CONTACTS GREEN LEAF VIET NAM TRANSPORTATION Co.,Ltd. \u00a0 SOUTH OFFICE: 104-106 Tran Luu , An Phu Ward, Thu Duc City, HCMC. NORTHERN OFFICE: ICD My Dinh Port, 17 Pham Hung, My Dinh 2 Ward, Nam Tu Liem District, Hanoi. CENTRAL OFFICE: 18 &amp; 19 Area BB2- Kim Cuc Green Urban Area, Ghenh Rang Ward, Quy&hellip;<\/p>\n","protected":false},"author":2,"featured_media":0,"parent":0,"menu_order":0,"comment_status":"closed","ping_status":"closed","template":"","meta":{"inline_featured_image":false},"_links":{"self":[{"href":"https:\/\/greenleafvietnamcomvn768.chiliweb.org\/en\/wp-json\/wp\/v2\/pages\/3040"}],"collection":[{"href":"https:\/\/greenleafvietnamcomvn768.chiliweb.org\/en\/wp-json\/wp\/v2\/pages"}],"about":[{"href":"https:\/\/greenleafvietnamcomvn768.chiliweb.org\/en\/wp-json\/wp\/v2\/types\/page"}],"author":[{"embeddable":true,"href":"https:\/\/greenleafvietnamcomvn768.chiliweb.org\/en\/wp-json\/wp\/v2\/users\/2"}],"replies":[{"embeddable":true,"href":"https:\/\/greenleafvietnamcomvn768.chiliweb.org\/en\/wp-json\/wp\/v2\/comments?post=3040"}],"version-history":[{"count":0,"href":"https:\/\/greenleafvietnamcomvn768.chiliweb.org\/en\/wp-json\/wp\/v2\/pages\/3040\/revisions"}],"wp:attachment":[{"href":"https:\/\/greenleafvietnamcomvn768.chiliweb.org\/en\/wp-json\/wp\/v2\/media?parent=3040"}],"curies":[{"name":"wp","href":"https:\/\/api.w.org\/{rel}","templated":true}]}}