{"id":3734,"date":"2022-10-18T02:14:17","date_gmt":"2022-10-18T02:14:17","guid":{"rendered":"https:\/\/greenleafvietnam.com\/isuzu-mu-x"},"modified":"2023-02-13T09:55:36","modified_gmt":"2023-02-13T09:55:36","slug":"isuzu-mu-x","status":"publish","type":"page","link":"https:\/\/greenleafvietnamcomvn768.chiliweb.org\/en\/isuzu-mu-x","title":{"rendered":"Isuzu Mu-X"},"content":{"rendered":"<h2>CAR SPECS<\/h2>\n<h3>ISUZU MU-X<\/h3>\n<h3>Brand : ISUZU<\/h3>\n<h3>Production Year : 2020-2022<\/h3>\n<h3>Car Model : MU-X<\/h3>\n<h3>Seats: 7<\/h3>\n<h3>Packages: 2 suitcases<\/h3>\n<p><img decoding=\"async\" src=\"https:\/\/greenleafvietnam.com\/wp-content\/uploads\/2022\/11\/IMG_2945-3.jpg\" alt=\"IMG_2945\" \/><\/p>\n<h2>VEHICLE SERVICES<\/h2>\n<h2>Quality standards when renting a car at Green Leaf Vietnam<\/h2>\n<p style=\"text-align: center;\">Car rental service with driver with the advantages that make Green Leaf Vietnam different.<\/p>\n<p><img decoding=\"async\" src=\"https:\/\/greenleafvietnam.com\/wp-content\/uploads\/2022\/11\/DSC_4462-scaled.jpg\" alt=\"DSC_4462\" \/><\/p>\n<h2>COMFORTABLE CONVENIENCE IN VEHICLES<\/h2>\n<ul>\n<li style=\"text-align: left;\">Vehicles are cleaned before service and regularly maintained.<\/li>\n<li style=\"text-align: left;\">Provide another vehicle to replace immediately when the vehicle&#8217;s condition is not in good working condition as agreed.<\/li>\n<li style=\"text-align: left;\">Support to decorate cars for important occasions (events, water, cold towels, &#8230;)<\/li>\n<li style=\"text-align: left;\">VIP cars will not stick logos and images of Green Leaf Vietnam for convenience and increase prestige for businesses when renting a car when meeting business partners&#8230;<\/li>\n<\/ul>\n<p><img decoding=\"async\" src=\"https:\/\/greenleafvietnam.com\/wp-content\/uploads\/2022\/11\/DSC_2923.jpg\" alt=\"DSC_2923\" \/><\/p>\n<h2>PERFECT SERVICES<\/h2>\n<ul>\n<li>Clear process, extremely simple and fast booking procedure.<\/li>\n<li>Guide to visit the car before delivery if you request.<\/li>\n<li>Flexible forms of payment according to tenants&#8217; needs and abilities.<\/li>\n<li>Provide ALL types of legal documents related to the vehicle for customers when needed for inspection.<\/li>\n<li>Loyal customers will enjoy many incentives when using the car on Sundays, public holidays, Tet &#8230;<\/li>\n<li>24\/7 business support.<\/li>\n<li>Always update vehicle status for long-term rental customers.<\/li>\n<\/ul>\n<p><img decoding=\"async\" src=\"https:\/\/greenleafvietnam.com\/wp-content\/uploads\/2022\/11\/DSC_2843.jpg\" alt=\"DSC_2843\" \/><\/p>\n<h2>PROFESSIONAL DRIVING STYLE<\/h2>\n<p>Green Leaf Vietnam\u2019 Drivers are trained in considerate, courteous and polite customer service style. The Driver will take full responsibility for the vehicle, including:<\/p>\n<ul>\n<li>Support customers to visit and check the car before signing the contract.<\/li>\n<li>The Drivers knows English and Japanese, so he can communicate when meeting foreign guests.<\/li>\n<li>Drivers are well trained, professional, and have many years of experience.<\/li>\n<li>Take responsibility when something unexpected happens (accident, traffic fine, &#8230;).<\/li>\n<\/ul>\n<p><strong>Note: If our driver uses beer, alcohol, or drugs during working hours, upon receiving customer feedback, the driver will IMMEDIATELY be fired.<\/strong><\/p>\n<p><img decoding=\"async\" loading=\"lazy\" src=\"https:\/\/greenleafvietnam.com\/wp-content\/uploads\/2022\/08\/\ud83e\udd86-illustration-_IT-Support_.png\" alt=\"\ud83e\udd86 illustration _IT Support_\" width=\"550\" height=\"435\" \/><br \/>\n<img decoding=\"async\" loading=\"lazy\" src=\"https:\/\/greenleafvietnam.com\/wp-content\/uploads\/2022\/10\/button-tieng-anh-03-e1667211396358.png\" alt=\"button ti\u1ebfng anh-03\" width=\"632\" height=\"304\" \/><\/p>\n<h2>OTHER VEHICLES<\/h2>\n<h2>RELATED SERVICES<\/h2>\n<p><a title=\"Long Term Car Rental\" href=\"https:\/\/greenleafvietnam.com\/en\/long-term-car-rental\" target=\"_blank\" rel=\"noopener nofollow\"><br \/>\n<img decoding=\"async\" src=\"https:\/\/greenleafvietnam.com\/wp-content\/uploads\/2022\/11\/Banner-2-e1673408983882.jpg\" alt=\"Thu\u00ea Xe Doanh Nghi\u1ec7p\" \/><br \/>\n<\/a><\/p>\n<h3><a tabindex=\"0\" title=\"Long Term Car Rental\" href=\"https:\/\/greenleafvietnam.com\/en\/long-term-car-rental\" rel=\"nofollow noopener\" target=\"_blank\">Long Term Car Rental<\/a><\/h3>\n<p>LONG TERM CAR RENTAL SERVICE CRITERIA SAFETY The vehicle is fully equipped with safety control &#8230;<br \/>\n<a role=\"button\" href=\"https:\/\/greenleafvietnam.com\/en\/long-term-car-rental\" target=\"_blank\" rel=\"noopener\"><br \/>\nMore<br \/>\n<\/a><br \/>\n<a title=\"Short Term Car Rental\" href=\"https:\/\/greenleafvietnam.com\/en\/short-term-car-rental\" target=\"_blank\" rel=\"noopener nofollow\"><br \/>\n<img decoding=\"async\" src=\"https:\/\/greenleafvietnam.com\/wp-content\/uploads\/2022\/11\/dich-vu-doanh-nghiep-1-e1673410389519.jpg\" alt=\"Thu\u00ea Xe Du L\u1ecbch\" \/><br \/>\n<\/a><\/p>\n<h3><a tabindex=\"0\" title=\"Short Term Car Rental\" href=\"https:\/\/greenleafvietnam.com\/en\/short-term-car-rental\" rel=\"nofollow noopener\" target=\"_blank\">Short Term Car Rental<\/a><\/h3>\n<p>CAR RENTAL FOR TRIP &amp; TRAVEL INTO THE GREEN WORLD OF TOURISM WITH GREEN LEAF &#8230;<br \/>\n<a role=\"button\" href=\"https:\/\/greenleafvietnam.com\/en\/short-term-car-rental\" target=\"_blank\" rel=\"noopener\"><br \/>\nMore<br \/>\n<\/a><br \/>\n<a title=\"Airport Shuttle, Conferences, Golf\u2026\" href=\"https:\/\/greenleafvietnam.com\/en\/airport-shuttle\" target=\"_blank\" rel=\"noopener nofollow\"><br \/>\n<img decoding=\"async\" src=\"https:\/\/greenleafvietnam.com\/wp-content\/uploads\/2022\/10\/13-e1673577315260.jpg\" alt=\"xe \u0111\u01b0a \u0111\u00f3n s\u00e2n bay\" \/><br \/>\n<\/a><\/p>\n<h3><a tabindex=\"0\" title=\"Airport Shuttle, Conferences, Golf\u2026\" href=\"https:\/\/greenleafvietnam.com\/en\/airport-shuttle\" rel=\"nofollow noopener\" target=\"_blank\">Airport Shuttle, Conferences, Golf\u2026<\/a><\/h3>\n<p>AIRPORT TRANSFER SERVICE, CONFERENCE GREEN LEAF VIET NAM &#8216;S AIRPORT SHUTTLE SERVICE Green Leaf Viet &#8230;<br \/>\n<a role=\"button\" href=\"https:\/\/greenleafvietnam.com\/en\/airport-shuttle\" target=\"_blank\" rel=\"noopener\"><br \/>\nMore<br \/>\n<\/a><br \/>\n<img decoding=\"async\" loading=\"lazy\" src=\"https:\/\/greenleafvietnam.com\/wp-content\/uploads\/2022\/08\/\ud83e\udd86-illustration-_IT-Support_.png\" alt=\"\ud83e\udd86 illustration _IT Support_\" width=\"550\" height=\"435\" \/><\/p>\n<h2>CONNECT WITH GREEN LEAF VIET NAM<\/h2>\n<p style=\"text-align: center;\">Green Leaf Viet Nam team\u00a0is ready to support and advise you.<\/p>\n<p><a role=\"button\" href=\"tel:18006300\" target=\"_self\" rel=\"noopener\"><br \/>\n1800 6300<br \/>\n<\/a><\/p>\n","protected":false},"excerpt":{"rendered":"<p>CAR SPECS ISUZU MU-X Brand : ISUZU Production Year : 2020-2022 Car Model : MU-X Seats: 7 Packages: 2 suitcases VEHICLE SERVICES Quality standards when renting a car at Green Leaf Vietnam Car rental service with driver with the advantages that make Green Leaf Vietnam different. COMFORTABLE CONVENIENCE IN VEHICLES Vehicles are cleaned before service&hellip;<\/p>\n","protected":false},"author":1,"featured_media":5328,"parent":0,"menu_order":0,"comment_status":"closed","ping_status":"closed","template":"","meta":{"inline_featured_image":false},"_links":{"self":[{"href":"https:\/\/greenleafvietnamcomvn768.chiliweb.org\/en\/wp-json\/wp\/v2\/pages\/3734"}],"collection":[{"href":"https:\/\/greenleafvietnamcomvn768.chiliweb.org\/en\/wp-json\/wp\/v2\/pages"}],"about":[{"href":"https:\/\/greenleafvietnamcomvn768.chiliweb.org\/en\/wp-json\/wp\/v2\/types\/page"}],"author":[{"embeddable":true,"href":"https:\/\/greenleafvietnamcomvn768.chiliweb.org\/en\/wp-json\/wp\/v2\/users\/1"}],"replies":[{"embeddable":true,"href":"https:\/\/greenleafvietnamcomvn768.chiliweb.org\/en\/wp-json\/wp\/v2\/comments?post=3734"}],"version-history":[{"count":0,"href":"https:\/\/greenleafvietnamcomvn768.chiliweb.org\/en\/wp-json\/wp\/v2\/pages\/3734\/revisions"}],"wp:featuredmedia":[{"embeddable":true,"href":"https:\/\/greenleafvietnamcomvn768.chiliweb.org\/en\/wp-json\/wp\/v2\/media\/5328"}],"wp:attachment":[{"href":"https:\/\/greenleafvietnamcomvn768.chiliweb.org\/en\/wp-json\/wp\/v2\/media?parent=3734"}],"curies":[{"name":"wp","href":"https:\/\/api.w.org\/{rel}","templated":true}]}}