{"id":5572,"date":"2022-11-16T08:21:30","date_gmt":"2022-11-16T08:21:30","guid":{"rendered":"https:\/\/greenleafvietnam.com\/honda-crv"},"modified":"2025-11-12T07:23:41","modified_gmt":"2025-11-12T07:23:41","slug":"honda-crv","status":"publish","type":"page","link":"https:\/\/greenleafvietnamcomvn768.chiliweb.org\/ja\/honda-crv","title":{"rendered":"Honda CRV"},"content":{"rendered":"<h2>\n\t\tTH\u00d4NG S\u1ed0 XE<br \/>\n\t<\/h2>\n<h3>HONDA CRV<\/h3>\n<h3>H\u00e3ng : HONDA <\/h3>\n<h3>\u0110\u1eddi xe :  2019<\/h3>\n<h3>Ki\u1ec3u xe: CRV<\/h3>\n<h3>S\u1ed1 Ch\u1ed7 Ng\u1ed3i: 7 ch\u1ed7<\/h3>\n<h3>H\u00e0nh l\u00fd: 2 valy, 1 t\u00fai nh\u1ecf<\/h3>\n<p>\t\t\t\t<img decoding=\"async\" src=\"https:\/\/greenleafvietnam.com\/wp-content\/uploads\/2022\/11\/2046-2.jpg\" alt=\"2046\" itemprop=\"image\"  \/><\/p>\n<h2>\n\t\tD\u1ecaCH V\u1ee4 TR\u00caN XE<br \/>\n\t<\/h2>\n<h2>\n\t\tTi\u00eau chu\u1ea9n ch\u1ea5t l\u01b0\u1ee3ng khi thu\u00ea xe t\u1ea1i Green Leaf Vi\u1ec7t Nam<br \/>\n\t<\/h2>\n<p style=\"text-align: center;\">\u0110\u01b0a b\u1ea1n \u0111\u1ebfn m\u1ecdi \u0111\u1ecba \u0111i\u1ec3m v\u1edbi s\u1ef1 tho\u1ea3i m\u00e1i v\u00e0 sang tr\u1ecdng &#8211; tr\u00ean m\u1ed9t chi\u1ebfc xe h\u01a1i h\u1ea1ng sang. <\/p>\n<p style=\"text-align: center;\">D\u1ecbch v\u1ee5 cho thu\u00ea xe \u00f4 t\u00f4 c\u00f3 t\u00e0i x\u1ebf v\u1edbi nh\u1eefng \u01b0u \u0111i\u1ec3m khi\u1ebfn Green Leaf Vi\u1ec7t Nam tr\u1edf n\u00ean kh\u00e1c bi\u1ec7t\n<\/p>\n<p>\t\t\t\t<img decoding=\"async\" src=\"https:\/\/greenleafvietnam.com\/wp-content\/uploads\/2022\/11\/DSC_4462-scaled.jpg\" alt=\"DSC_4462\" itemprop=\"image\"  \/><\/p>\n<h2>\n\t\tTI\u1ec6N NGHI THO\u1ea2I M\u00c1I TR\u00caN XE<br \/>\n\t<\/h2>\n<ul>\n<li style=\"text-align: justify;\">Xe \u0111\u01b0\u1ee3c v\u1ec7 sinh s\u1ea1ch s\u1ebd tr\u01b0\u1edbc khi ph\u1ee5c v\u1ee5 v\u00e0 \u0111\u01b0\u1ee3c b\u1ea3o tr\u00ec th\u01b0\u1eddng xuy\u00ean.<\/li>\n<li style=\"text-align: justify;\">Cung c\u1ea5p xe kh\u00e1c thay th\u1ebf ngay l\u1eadp t\u1ee9c khi t\u00ecnh tr\u1ea1ng xe kh\u00f4ng ho\u1ea1t \u0111\u1ed9ng t\u1ed1t nh\u01b0 th\u1ecfa thu\u1eadn.<\/li>\n<li style=\"text-align: justify;\">H\u1ed7 tr\u1ee3 trang tr\u00ed xe c\u00f3 c\u00e1c d\u1ecbp quan tr\u1ecdng (t\u1ed5 ch\u1ee9c s\u1ef1 ki\u1ec7n, n\u01b0\u1edbc, kh\u0103n l\u1ea1nh,\u2026)<\/li>\n<li style=\"text-align: justify;\">Xe chuy\u00ean d\u00f9ng s\u1ebd kh\u00f4ng d\u00e1n logo, h\u00ecnh \u1ea3nh c\u1ee7a Green Leaf Vi\u1ec7t Nam \u0111\u1ec3 ti\u1ec7n l\u1ee3i v\u00e0 t\u0103ng \u0111\u1ed9 uy t\u00edn cho c\u00e1c doanh nghi\u1ec7p khi thu\u00ea xe khi g\u1eb7p c\u00e1c \u0111\u1ed1i t\u00e1c l\u00e0m \u0103n\u2026\n<\/li>\n<\/ul>\n<p>\t\t\t\t<img decoding=\"async\" src=\"https:\/\/greenleafvietnam.com\/wp-content\/uploads\/2022\/11\/DSC_2923.jpg\" alt=\"DSC_2923\" itemprop=\"image\"  \/><\/p>\n<h2>\n\t\tD\u1ecaCH V\u1ee4 CHU \u0110\u00c1O<br \/>\n\t<\/h2>\n<ul>\n<li style=\"text-align: justify;\">Quy tr\u00ecnh r\u00f5 r\u00e0ng, th\u1ee7 t\u1ee5c \u0111\u1eb7t xe c\u1ef1c k\u00ec \u0111\u01a1n gi\u1ea3n, nhanh ch\u00f3ng.<\/li>\n<li>H\u01b0\u1edbng d\u1eabn tham quan xe k\u0129 c\u00e0ng tr\u01b0\u1edbc khi giao xe.<\/li>\n<li>H\u00ecnh th\u1ee9c thanh to\u00e1n linh ho\u1ea1t theo nhu c\u1ea7u kh\u1ea3 n\u0103ng c\u1ee7a kh\u00e1ch thu\u00ea.<\/li>\n<li style=\"text-align: justify;\">Cung c\u1ea5p T\u1ea4T C\u1ea2 c\u00e1c lo\u1ea1i gi\u1ea5y t\u1edd ph\u00e1p l\u00fd li\u00ean quan \u0111\u1ebfn xe cho kh\u00e1ch khi c\u1ea7n ki\u1ec3m tra.<br \/>\nKh\u00e1ch h\u00e0ng th\u00e2n thi\u1ebft \u0111\u01b0\u1ee3c h\u01b0\u1edfng nhi\u1ec1u \u01b0u \u0111\u00e3i khi s\u1eed d\u1ee5ng xe ng\u00e0y ch\u1ee7 nh\u1eadt, ng\u00e0y l\u1ec5, t\u1ebft\u2026<\/li>\n<li style=\"text-align: justify;\">H\u1ed7 tr\u1ee3 doanh nghi\u1ec7p 24\/7.<\/li>\n<li style=\"text-align: justify;\">Lu\u00f4n c\u1eadp nh\u1eadt t\u00ecnh tr\u1ea1ng xe cho kh\u00e1ch h\u00e0ng thu\u00ea d\u00e0i h\u1ea1n.<\/li>\n<\/ul>\n<p>\t\t\t\t<img decoding=\"async\" src=\"https:\/\/greenleafvietnam.com\/wp-content\/uploads\/2022\/11\/DSC_2843.jpg\" alt=\"DSC_2843\" itemprop=\"image\"  \/><\/p>\n<h2>\n\t\tNH\u00c2N VI\u00caN L\u00c1I XE CHUY\u00caN NGHI\u1ec6P<br \/>\n\t<\/h2>\n<p style=\"padding-left: 40px;\">T\u00e0i x\u1ebf Green Leaf Vi\u1ec7t Nam \u0111\u01b0\u1ee3c hu\u1ea5n luy\u1ec7n phong c\u00e1ch ph\u1ee5c v\u1ee5 kh\u00e1ch h\u00e0ng \u00e2n c\u1ea7n, nh\u00e3 nh\u1eb7n, t\u00e1c phong l\u1ecbch s\u1ef1. T\u00e0i x\u1ebf s\u1ebd ch\u1ecbu to\u00e0n b\u1ed9 tr\u00e1ch nhi\u1ec7m v\u1ec1 xe, bao g\u1ed3m:<\/p>\n<ul>\n<li style=\"text-align: justify;\">H\u1ed7 tr\u1ee3 kh\u00e1ch h\u00e0ng th\u0103m quan, ki\u1ec3m tra xe tr\u01b0\u1edbc khi k\u00fd h\u1ee3p \u0111\u1ed3ng.<\/li>\n<li style=\"text-align: justify;\">T\u00e0i x\u1ebf bi\u1ebft ti\u1ebfng Anh v\u00e0 Nh\u1eadt, n\u00ean c\u00f3 th\u1ec3 giao ti\u1ebfp khi g\u1eb7p kh\u00e1ch l\u00e0 ng\u01b0\u1eddi n\u01b0\u1edbc ngo\u00e0i.<\/li>\n<li style=\"text-align: justify;\">T\u00e0i x\u1ebf \u0111\u01b0\u1ee3c t\u1eadp hu\u1ea5n k\u1ef9 l\u01b0\u1ee1ng, \u0111\u1ea3m b\u1ea3o chuy\u00ean m\u00f4n, nhi\u1ec1u n\u0103m kinh nghi\u1ec7m.<\/li>\n<li style=\"text-align: justify;\">Ch\u1ecbu tr\u00e1ch nhi\u1ec7m khi c\u00f3 chuy\u1ec7n b\u1ea5t tr\u1eafc x\u1ea3y ra (tai n\u1ea1n, ph\u1ea1t giao th\u00f4ng,\u2026).\n<p><em><strong>L\u01b0u \u00fd:<\/strong> N\u1ebfu t\u00e0i x\u1ebf c\u1ee7a ch\u00fang t\u00f4i s\u1eed d\u1ee5ng bia, r\u01b0\u1ee3u, ch\u1ea5t k\u00edch th\u00edch trong gi\u1edd l\u00e0m vi\u1ec7c. Khi nh\u1eadn \u0111\u01b0\u1ee3c ph\u1ea3n \u00e1nh c\u1ee7a kh\u00e1ch h\u00e0ng, t\u00e0i x\u1ebf s\u1ebd L\u1eacP T\u1ee8C b\u1ecb sa th\u1ea3i.<\/em><\/li>\n<\/ul>\n<p>\t\t\t\t<img decoding=\"async\" src=\"https:\/\/greenleafvietnam.com\/wp-content\/uploads\/2022\/08\/\ud83e\udd86-illustration-_IT-Support_.png\" alt=\"\ud83e\udd86 illustration _IT Support_\" itemprop=\"image\"  \/><br \/>\n\t\t\t\t<img decoding=\"async\" src=\"https:\/\/greenleafvietnam.com\/wp-content\/uploads\/2022\/10\/hinh-anh-tong-dai-2-so.png\" alt=\"hinh- anh-tong-dai-2 so\" itemprop=\"image\"  \/><\/p>\n<h2>\n\t\tC\u00c1C D\u00d2NG XE KH\u00c1C<br \/>\n\t<\/h2>\n<h2>\n\t\tC\u00c1C D\u1ecaCH V\u1ee4 LI\u00caN QUAN<br \/>\n\t<\/h2>\n<p>                <a href=\"https:\/\/greenleafvietnam.com\/ja\/%e3%83%93%e3%82%b8%e3%83%8d%e3%82%b9%e5%90%91%e3%81%91%e3%83%ac%e3%83%b3%e3%82%bf%e3%82%ab%e3%83%bc\" target=\"_blank\" title=\"Cho Thu\u00ea Xe Doanh nghi\u1ec7p\" rel=\"noopener nofollow\"><br \/>\n                <img decoding=\"async\" src=\"https:\/\/greenleafvietnam.com\/wp-content\/uploads\/2022\/11\/Banner-2-e1673408983882.jpg\" alt=\"Cho Thu\u00ea Xe Doanh Nghi\u1ec7p\" \/><br \/>\n                <\/a><\/p>\n<h3>\n                <a href=\"https:\/\/greenleafvietnam.com\/ja\/%e3%83%93%e3%82%b8%e3%83%8d%e3%82%b9%e5%90%91%e3%81%91%e3%83%ac%e3%83%b3%e3%82%bf%e3%82%ab%e3%83%bc\" title=\"Cho Thu\u00ea Xe Doanh nghi\u1ec7p\" tabindex=\"0\" rel=\"nofollow noopener\" target=\"_blank\">Cho Thu\u00ea Xe Doanh nghi\u1ec7p<\/a><br \/>\n            <\/h3>\n<p>                    THU\u00ca XE DOANH NGHI\u1ec6P TI\u00caU CH\u00cd PH\u1ee4C V\u1ee4 AN TO\u00c0N T\u00e0i x\u1ebf \u0111\u01b0\u1ee3c trang b\u1ecb &#8230;<br \/>\n        <a href=\"https:\/\/greenleafvietnam.com\/ja\/%e3%83%93%e3%82%b8%e3%83%8d%e3%82%b9%e5%90%91%e3%81%91%e3%83%ac%e3%83%b3%e3%82%bf%e3%82%ab%e3%83%bc\" target=\"_blank\" rel=\"noopener nofollow\">Xem th\u00eam &#8594;<\/a><br \/>\n                <a href=\"https:\/\/greenleafvietnam.com\/ja\/%e3%82%b9%e3%83%9d%e3%83%83%e3%83%88%e3%83%ac%e3%83%b3%e3%82%bf%e3%82%ab%e3%83%bc\" target=\"_blank\" title=\"Cho Thu\u00ea Xe Du L\u1ecbch\" rel=\"noopener nofollow\"><br \/>\n                <img decoding=\"async\" src=\"https:\/\/greenleafvietnam.com\/wp-content\/uploads\/2022\/11\/dich-vu-doanh-nghiep-1-e1673410389519.jpg\" alt=\"Thu\u00ea Xe Du L\u1ecbch\" \/><br \/>\n                <\/a><\/p>\n<h3>\n                <a href=\"https:\/\/greenleafvietnam.com\/ja\/%e3%82%b9%e3%83%9d%e3%83%83%e3%83%88%e3%83%ac%e3%83%b3%e3%82%bf%e3%82%ab%e3%83%bc\" title=\"Cho Thu\u00ea Xe Du L\u1ecbch\" tabindex=\"0\" rel=\"nofollow noopener\" target=\"_blank\">Cho Thu\u00ea Xe Du L\u1ecbch<\/a><br \/>\n            <\/h3>\n<p>                    THU\u00ca XE DU L\u1ecaCH B\u01af\u1edaC V\u00c0O TH\u1ebe GI\u1edaI DU L\u1ecaCH XANH C\u00d9NG GREEN LEAF VI\u1ec6T &#8230;<br \/>\n        <a href=\"https:\/\/greenleafvietnam.com\/ja\/%e3%82%b9%e3%83%9d%e3%83%83%e3%83%88%e3%83%ac%e3%83%b3%e3%82%bf%e3%82%ab%e3%83%bc\" target=\"_blank\" rel=\"noopener nofollow\">Xem th\u00eam &#8594;<\/a><br \/>\n                <a href=\"https:\/\/greenleafvietnam.com\/ja\/%e7%a9%ba%e6%b8%af%e9%80%81%e8%bf%8e%e3%80%81%e9%a1%a7%e5%ae%a2%e8%a8%aa%e5%95%8f\" target=\"_blank\" title=\"Cho Thu\u00ea xe \u0111\u01b0a \u0111\u00f3n S\u00e2n bay, S\u00e2n Golf, H\u1ed9i Ngh\u1ecb\" rel=\"noopener nofollow\"><br \/>\n                <img decoding=\"async\" src=\"https:\/\/greenleafvietnam.com\/wp-content\/uploads\/2022\/10\/13-e1673577315260.jpg\" alt=\"xe \u0111\u01b0a \u0111\u00f3n s\u00e2n bay\" \/><br \/>\n                <\/a><\/p>\n<h3>\n                <a href=\"https:\/\/greenleafvietnam.com\/ja\/%e7%a9%ba%e6%b8%af%e9%80%81%e8%bf%8e%e3%80%81%e9%a1%a7%e5%ae%a2%e8%a8%aa%e5%95%8f\" title=\"Cho Thu\u00ea xe \u0111\u01b0a \u0111\u00f3n S\u00e2n bay, S\u00e2n Golf, H\u1ed9i Ngh\u1ecb\" tabindex=\"0\" rel=\"nofollow noopener\" target=\"_blank\">Cho Thu\u00ea xe \u0111\u01b0a \u0111\u00f3n S\u00e2n bay, S\u00e2n Golf, H\u1ed9i Ngh\u1ecb<\/a><br \/>\n            <\/h3>\n<p>                    XE \u0110\u01afA \u0110\u00d3N S\u00c2N BAY &#8211; H\u1ed8I NGH\u1eca &#8211; GOLF D\u1ecaCH V\u1ee4 \u0110\u01afA \u0110\u00d3N S\u00c2N &#8230;<br \/>\n        <a href=\"https:\/\/greenleafvietnam.com\/ja\/%e7%a9%ba%e6%b8%af%e9%80%81%e8%bf%8e%e3%80%81%e9%a1%a7%e5%ae%a2%e8%a8%aa%e5%95%8f\" target=\"_blank\" rel=\"noopener nofollow\">Xem th\u00eam &#8594;<\/a><br \/>\n\t\t\t\t<img decoding=\"async\" src=\"https:\/\/greenleafvietnam.com\/wp-content\/uploads\/2022\/08\/\ud83e\udd86-illustration-_IT-Support_.png\" alt=\"\ud83e\udd86 illustration _IT Support_\" itemprop=\"image\"  \/><\/p>\n<h2>\n\t\tK\u1ebeT N\u1ed0I NGAY V\u1edaI GREEN LEAF VI\u1ec6T NAM<br \/>\n\t<\/h2>\n<p style=\"text-align: center;\">\u0110\u1ed9i ng\u0169 Green Leaf Vi\u1ec7t Nam\u00a0<br \/>\n\u0111ang s\u1eb5n s\u00e0ng h\u1ed7 tr\u1ee3 t\u01b0 v\u1ea5n cho Qu\u00fd kh\u00e1ch<\/p>\n<p>\t\t\t<a href=\"tel:18006300\" target=\"_self\" role=\"button\" rel=\"noopener\"><br \/>\n\t\t\t\t\t\t1800 6300<br \/>\n\t\t\t\t\t<\/a><\/p>\n","protected":false},"excerpt":{"rendered":"<p>TH\u00d4NG S\u1ed0 XE HONDA CRV H\u00e3ng : HONDA \u0110\u1eddi xe : 2019 Ki\u1ec3u xe: CRV S\u1ed1 Ch\u1ed7 Ng\u1ed3i: 7 ch\u1ed7 H\u00e0nh l\u00fd: 2 valy, 1 t\u00fai nh\u1ecf D\u1eca&hellip;<\/p>\n","protected":false},"author":3,"featured_media":5259,"parent":0,"menu_order":0,"comment_status":"closed","ping_status":"closed","template":"","meta":{"inline_featured_image":false},"_links":{"self":[{"href":"https:\/\/greenleafvietnamcomvn768.chiliweb.org\/ja\/wp-json\/wp\/v2\/pages\/5572"}],"collection":[{"href":"https:\/\/greenleafvietnamcomvn768.chiliweb.org\/ja\/wp-json\/wp\/v2\/pages"}],"about":[{"href":"https:\/\/greenleafvietnamcomvn768.chiliweb.org\/ja\/wp-json\/wp\/v2\/types\/page"}],"author":[{"embeddable":true,"href":"https:\/\/greenleafvietnamcomvn768.chiliweb.org\/ja\/wp-json\/wp\/v2\/users\/3"}],"replies":[{"embeddable":true,"href":"https:\/\/greenleafvietnamcomvn768.chiliweb.org\/ja\/wp-json\/wp\/v2\/comments?post=5572"}],"version-history":[{"count":0,"href":"https:\/\/greenleafvietnamcomvn768.chiliweb.org\/ja\/wp-json\/wp\/v2\/pages\/5572\/revisions"}],"wp:featuredmedia":[{"embeddable":true,"href":"https:\/\/greenleafvietnamcomvn768.chiliweb.org\/ja\/wp-json\/wp\/v2\/media\/5259"}],"wp:attachment":[{"href":"https:\/\/greenleafvietnamcomvn768.chiliweb.org\/ja\/wp-json\/wp\/v2\/media?parent=5572"}],"curies":[{"name":"wp","href":"https:\/\/api.w.org\/{rel}","templated":true}]}}