{"id":8260,"date":"2024-01-04T02:10:43","date_gmt":"2024-01-04T02:10:43","guid":{"rendered":"https:\/\/greenleafvietnam.com\/?page_id=8260"},"modified":"2024-01-04T02:10:43","modified_gmt":"2024-01-04T02:10:43","slug":"%e3%81%8a%e5%95%8f%e3%81%84%e5%90%88%e3%82%8f%e3%81%9b","status":"publish","type":"page","link":"https:\/\/greenleafvietnamcomvn768.chiliweb.org\/ja\/%e3%81%8a%e5%95%8f%e3%81%84%e5%90%88%e3%82%8f%e3%81%9b","title":{"rendered":"\u304a\u554f\u3044\u5408\u308f\u305b"},"content":{"rendered":"<h2>\n\t\t\u304a\u554f\u3044\u5408\u308f\u305b<br \/>\n\t<\/h2>\n<p>\t\t\t\t<img decoding=\"async\" src=\"https:\/\/greenleafvietnam.com\/wp-content\/uploads\/2022\/08\/hinh-van-phong-GLV-1.jpg\" alt=\"h\u00ecnh v\u0103n ph\u00f2ng GLV 1\" itemprop=\"image\"  \/><\/p>\n<h2>\n\t\tGREEN LEAF VIET NAM TRANSPORTATION Co.,Ltd.<br \/>\n\t<\/h2>\n<p><strong>\u00a0<img decoding=\"async\" loading=\"lazy\" src=\"https:\/\/greenleafvietnam.com\/wp-content\/uploads\/2022\/08\/Group-133.png\" alt=\"\" width=\"30\" height=\"31\" \/> <\/strong><strong>\u30db\u30fc\u30c1\u30df\u30f3\u306e\u652f\u5e97\u4f4f\u6240:<\/strong> <\/p>\n<p>104-106 Tr\u1ea7n L\u1ef1u, An Ph\u00fa, Th\u1ee7 \u0110\u1ee9c, H\u1ed3 Ch\u00ed Minh\u5e02<\/p>\n<p><strong><img decoding=\"async\" loading=\"lazy\" src=\"https:\/\/greenleafvietnam.com\/wp-content\/uploads\/2022\/08\/Group-133.png\" alt=\"\" width=\"30\" height=\"31\" \/> \u30cf\u30ce\u30a4\u306e\u652f\u5e97\u4f4f\u6240:<\/strong><\/p>\n<p>68 D\u01b0\u01a1ng \u0110\u00ecnh Ngh\u1ec7, Y\u00ean H\u00f2a, C\u1ea7u Gi\u1ea5y, H\u00e0 N\u1ed9i<\/p>\n<p><strong><img decoding=\"async\" loading=\"lazy\" src=\"https:\/\/greenleafvietnam.com\/wp-content\/uploads\/2022\/08\/Group-133.png\" alt=\"\" width=\"30\" height=\"31\" \/> CENTRAL OFFICE: <\/strong><\/p>\n<p>18 &amp; 19 Area BB2- Kim Cuc Green Urban, Ghenh Rang, Quy Nhon, Binh Dinh.<\/p>\n<p><strong><img decoding=\"async\" loading=\"lazy\" src=\"https:\/\/greenleafvietnam.com\/wp-content\/uploads\/2022\/08\/Vector.png\" alt=\"\" width=\"30\" height=\"21\" \/> Email:<\/strong> <a style=\"color: #000000;\" href=\"mailto:Booking@green-leaf.vn\" target=\"_blank\" rel=\"noopener\">fukasako@green-leaf.vn<\/a><\/p>\n<p><strong><img decoding=\"async\" loading=\"lazy\" src=\"https:\/\/greenleafvietnam.com\/wp-content\/uploads\/2022\/08\/Vector-1.png\" alt=\"\" width=\"30\" height=\"24\" \/> Hotline:<\/strong> 0973598008 (Mr.Fukasako)\u2013 <strong>\u7121\u6599\u30b5\u30dd\u30fc\u30c8:<\/strong> <a style=\"color: #000000;\" href=\"tel:18006300\" target=\"_blank\" rel=\"noopener\">1800 6300<\/a><\/p>\n<h2>\n\t\t\u304a\u554f\u3044\u5408\u308f\u305b\u30d5\u30a9\u30fc\u30e0<br \/>\n\t<\/h2>\n<p>\t<div role=\"form\" class=\"wpcf7\" id=\"wpcf7-f3291-o1\" lang=\"en-US\" dir=\"ltr\">\n<div class=\"screen-reader-response\"><\/div>\n<form action=\"\/ja\/wp-json\/wp\/v2\/pages\/8260#wpcf7-f3291-o1\" method=\"post\" class=\"wpcf7-form\" novalidate=\"novalidate\">\n<div style=\"display: none;\">\n<input type=\"hidden\" name=\"_wpcf7\" value=\"3291\" \/>\n<input type=\"hidden\" name=\"_wpcf7_version\" value=\"5.1.1\" \/>\n<input type=\"hidden\" name=\"_wpcf7_locale\" value=\"en_US\" \/>\n<input type=\"hidden\" name=\"_wpcf7_unit_tag\" value=\"wpcf7-f3291-o1\" \/>\n<input type=\"hidden\" name=\"_wpcf7_container_post\" value=\"0\" \/>\n<input type=\"hidden\" name=\"g-recaptcha-response\" value=\"\" \/>\n<\/div>\n<div style=\"display: none\"><p><span class=\"wpcf7-form-control-wrap\" data-name=\"mbws\"><input size=\"40\" class=\"wpcf7-form-control wpcf7-text\" aria-invalid=\"false\" value=\"\" type=\"text\" name=\"mbws\"><\/span><\/p><\/div><div class=\"contact\">\n<div class=\"col-md-12\">\n<label>\u540d\u524d: *<\/label><br \/>\n<span class=\"wpcf7-form-control-wrap text-507\"><input type=\"text\" name=\"text-507\" value=\"\" size=\"40\" class=\"wpcf7-form-control wpcf7-text wpcf7-validates-as-required\" aria-required=\"true\" aria-invalid=\"false\" \/><\/span>\n<\/div>\n<div class=\"col-md-12\">\n<label>\u96fb\u8a71\u756a\u53f7: *<\/label><br \/>\n<span class=\"wpcf7-form-control-wrap number-540\"><input type=\"number\" name=\"number-540\" value=\"\" class=\"wpcf7-form-control wpcf7-number wpcf7-validates-as-number\" aria-invalid=\"false\" \/><\/span>\n<\/div>\n<div class=\"col-md-12\">\n<label>Email: *<\/label><br \/>\n<span class=\"wpcf7-form-control-wrap email-658\"><input type=\"email\" name=\"email-658\" value=\"\" size=\"40\" class=\"wpcf7-form-control wpcf7-text wpcf7-email wpcf7-validates-as-email\" aria-invalid=\"false\" \/><\/span>\n<\/div>\n<div class=\"col-md-12\">\n<label>\u3054\u76f8\u8ac7\u5185\u5bb9: <\/label><br \/>\n<span class=\"wpcf7-form-control-wrap textarea-991\"><textarea name=\"textarea-991\" cols=\"40\" rows=\"10\" class=\"wpcf7-form-control wpcf7-textarea\" aria-invalid=\"false\"><\/textarea><\/span>\n<\/div>\n<div class=\"col-md-6 col-gui\">\n<input type=\"submit\" value=\"\u60c5\u5831\u3092\u9001\u308b\" class=\"wpcf7-form-control wpcf7-submit btn-gui\" \/>\n<\/div>\n<\/div>\n<div class=\"wpcf7-response-output wpcf7-display-none\"><\/div><\/form><\/div><br \/>\n\t<iframe src=\"https:\/\/www.google.com\/maps\/embed?pb=!1m18!1m12!1m3!1d3919.229950446601!2d106.73817171515314!3d10.793692292309812!2m3!1f0!2f0!3f0!3m2!1i1024!2i768!4f13.1!3m3!1m2!1s0x31752f042af99763%3A0xae3c7f3a92b19090!2sC%C3%B4ng%20ty%20TNHH%20TM%20DV%20Green%20Leaf%20Vi%E1%BB%87t%20Nam!5e0!3m2!1svi!2s!4v1659081381435!5m2!1svi!2s\" width=\"100%\" height=\"450\" style=\"border:0;\" allowfullscreen=\"\" loading=\"lazy\" referrerpolicy=\"no-referrer-when-downgrade\"><\/iframe><br \/>\n\t\t\t\t<img decoding=\"async\" src=\"https:\/\/greenleafvietnam.com\/wp-content\/uploads\/2022\/08\/\ud83e\udd86-illustration-_IT-Support_.png\" alt=\"\ud83e\udd86 illustration _IT Support_\" itemprop=\"image\"  \/><\/p>\n<h2>\n\t\t\u304a\u554f\u3044\u5408\u308f\u305b\u304f\u3060\u3055\u3044<br \/>\n\t<\/h2>\n<p>\t\t\t<a href=\"tel:18006300\" target=\"_self\" role=\"button\" rel=\"noopener\"><br \/>\n\t\t\t\t\t\t1800 6300<br \/>\n\t\t\t\t\t<\/a><\/p>\n","protected":false},"excerpt":{"rendered":"<p>\u304a\u554f\u3044\u5408\u308f\u305b GREEN LEAF VIET NAM TRANSPORTATION Co.,Ltd. \u00a0 \u30db\u30fc\u30c1\u30df\u30f3\u306e\u652f\u5e97\u4f4f\u6240: 104-106 Tr\u1ea7n L\u1ef1u, An Ph\u00fa, Th\u1ee7 \u0110\u1ee9c, H\u1ed3 Ch\u00ed Min&hellip;<\/p>\n","protected":false},"author":5,"featured_media":0,"parent":0,"menu_order":0,"comment_status":"closed","ping_status":"closed","template":"","meta":{"inline_featured_image":false},"_links":{"self":[{"href":"https:\/\/greenleafvietnamcomvn768.chiliweb.org\/ja\/wp-json\/wp\/v2\/pages\/8260"}],"collection":[{"href":"https:\/\/greenleafvietnamcomvn768.chiliweb.org\/ja\/wp-json\/wp\/v2\/pages"}],"about":[{"href":"https:\/\/greenleafvietnamcomvn768.chiliweb.org\/ja\/wp-json\/wp\/v2\/types\/page"}],"author":[{"embeddable":true,"href":"https:\/\/greenleafvietnamcomvn768.chiliweb.org\/ja\/wp-json\/wp\/v2\/users\/5"}],"replies":[{"embeddable":true,"href":"https:\/\/greenleafvietnamcomvn768.chiliweb.org\/ja\/wp-json\/wp\/v2\/comments?post=8260"}],"version-history":[{"count":0,"href":"https:\/\/greenleafvietnamcomvn768.chiliweb.org\/ja\/wp-json\/wp\/v2\/pages\/8260\/revisions"}],"wp:attachment":[{"href":"https:\/\/greenleafvietnamcomvn768.chiliweb.org\/ja\/wp-json\/wp\/v2\/media?parent=8260"}],"curies":[{"name":"wp","href":"https:\/\/api.w.org\/{rel}","templated":true}]}}